{"id":96,"date":"2022-04-10T14:52:40","date_gmt":"2022-04-10T14:52:40","guid":{"rendered":"https:\/\/aijavolka.lv\/?page_id=96"},"modified":"2026-01-13T08:31:45","modified_gmt":"2026-01-13T08:31:45","slug":"kontakti","status":"publish","type":"page","link":"https:\/\/aijavolka.lv\/","title":{"rendered":"&#8230; aIJa vOLKa &#8230;"},"content":{"rendered":"<p style=\"text-align: center;\"><em>E-PASTS:<\/em><\/p>\n<p style=\"text-align: center;\"><em>aija@tuvuma.lv<\/em><\/p>\n<p style=\"text-align: center;\"><em>mob. +371 29233624<\/em><\/p>\n<p><img loading=\"lazy\" decoding=\"async\" class=\" wp-image-695 aligncenter\" src=\"https:\/\/aijavolka.lv\/wp-content\/uploads\/2025\/09\/piedavajums_aija_volka-240x300.jpg\" alt=\"\" width=\"908\" height=\"1135\" srcset=\"https:\/\/aijavolka.lv\/wp-content\/uploads\/2025\/09\/piedavajums_aija_volka-240x300.jpg 240w, https:\/\/aijavolka.lv\/wp-content\/uploads\/2025\/09\/piedavajums_aija_volka-819x1024.jpg 819w, https:\/\/aijavolka.lv\/wp-content\/uploads\/2025\/09\/piedavajums_aija_volka-768x960.jpg 768w, https:\/\/aijavolka.lv\/wp-content\/uploads\/2025\/09\/piedavajums_aija_volka.jpg 1080w\" sizes=\"auto, (max-width: 908px) 100vw, 908px\" \/><\/p>\n<p>&nbsp;<\/p>\n<p>Sveiciens!<\/p>\n<p>Mani sauc Aija Volka.<\/p>\n<p>Sazinies ar mani, ja v\u0113lies:<\/p>\n<ul>\n<li>pal\u012bdz\u012bbu tekstu<b> redi\u0123\u0113\u0161an\u0101<\/b>; interv\u0113\u0161an\u0101; preses rel\u012b\u017eu sagatavo\u0161an\u0101 u.tml.;<\/li>\n<li>iesaist\u012bties dz\u012bvesstila <strong>medija\u00a0<a href=\"https:\/\/tuvuma.lv\/\">Tuvum\u0101.lv<\/a>\u00a0veido\u0161an\u0101<\/strong>; atbalst\u012bt medija uztur\u0113t\u0101ja \u2013 <strong>nodibin\u0101juma \u201cKrist\u012bga dz\u012bvesveida izp\u0113tes fonds\u201d<\/strong> \u2013 darb\u012bbu, un iepaz\u012bties ar m\u016bsu ekum\u0113nisko un virtu\u0101lo kristie\u0161u kopienu (vair\u0101k info \u0161eit:\u00a0<a href=\"https:\/\/fonds.tuvuma.lv\/\">fonds.tuvuma.lv);<\/a><\/li>\n<li>uzaicin\u0101t mani <strong>nodzied\u0101t un nosp\u0113l\u0113t pie klavier\u0113m<\/strong> manas ori\u0123in\u0101ldziesmas, kristie\u0161u slavas un piel\u016bgsmes dziesmas vai kaverversijas Latvij\u0101 iem\u012b\u013cot\u0101m popul\u0101r\u0101m melodij\u0101m (protu p\u0113c dzirdes piesp\u0113l\u0113t da\u017e\u0101diem m\u016bzi\u0137u sast\u0101viem un da\u017e\u0101dos stilos, kas lieliski noder tematiskos vakaros, jubilej\u0101s, k\u0101z\u0101s vai citos savies\u012bgos pas\u0101kumos);<\/li>\n<li>uztic\u0113t <strong>sacer\u0113t jaunu dziesmu<\/strong> ar Tavu tekstu;<\/li>\n<li>uzaicin\u0101t nolas\u012bt k\u0101du <strong>dzejoli<\/strong>;<\/li>\n<li>uzaicin\u0101t <strong>vad\u012bt pas\u0101kumu<\/strong>;<\/li>\n<li><strong>eksperta viedokli<\/strong> par komunik\u0101cijas zin\u0101tni, \u017eurn\u0101listiku, mediju uzticam\u012bbu, bibliot\u0113ku un inform\u0101cijas nozari, inform\u0101cijprat\u012bbu, taj\u0101 skait\u0101 medijprat\u012bbu, digit\u0101lo prat\u012bbu, finan\u0161prat\u012bbu, kult\u016brprat\u012bbu, vec\u0101kprat\u012bbu, vesel\u012bbprat\u012bbu u.c. prat\u012bb\u0101m; auditorijas vajadz\u012bb\u0101m un gaid\u0101m, un satura veido\u0161anu tradicion\u0101los medijos vai soci\u0101lajos t\u012bklos; un k\u0101di ir izaicin\u0101jumi un aktualit\u0101tes praktiskaj\u0101 pieredz\u0113 mediju nozar\u0113 un bibliot\u0113ku nozar\u0113\u00a0<em>(man ir ma\u0123istra gr\u0101ds komunik\u0101cijas zin\u0101tn\u0113, k\u0101 ar\u012b ma\u0123istra gr\u0101ds bibliot\u0113ku un arh\u012bvu zin\u012bb\u0101s);<\/em><\/li>\n<li>pievienoties ventspilnieku kopienai ar saukli\u00a0<em><strong>#pieder\u012bgsVentspilij<\/strong>\u00a0<\/em>(par aktu\u0101lo Ventspil\u012b vair\u0101k <a href=\"https:\/\/www.facebook.com\/profile.php?id=61576479892268\">&#8220;Facebook\u201d lap\u0101).<\/a><\/li>\n<\/ul>\n<hr \/>\n<p><em><strong>Cenas: <\/strong><\/em><\/p>\n<p><em>10 eiro <strong>par 1000 rakstu z\u012bm\u0113m<\/strong> ar atstarp\u0113m;<\/em><\/p>\n<p><em>15 eiro <strong>stund\u0101<\/strong> (da\u017e\u0101di darbi komunik\u0101cijas jom\u0101 u.tml.);<\/em><\/p>\n<p><em><strong>par koncertu<\/strong> 100 l\u012bdz 300 eiro ((atkar\u012bb\u0101, cik m\u016bzi\u0137u sast\u0101v\u0101; cik gara un k\u0101da programma, kur pas\u0101kuma vieta, vai ir aparat\u016bra, k\u0101di instrumenti).<\/em><\/p>\n<hr \/>\n<p>Ar cie\u0146u<\/p>\n<p>Aija Volka<\/p>\n<p>&nbsp;<\/p>\n","protected":false},"excerpt":{"rendered":"<p>E-PASTS: aija@tuvuma.lv mob. +371 29233624 &nbsp; Sveiciens! Mani sauc Aija Volka. Sazinies ar mani, ja v\u0113lies: pal\u012bdz\u012bbu tekstu redi\u0123\u0113\u0161an\u0101; interv\u0113\u0161an\u0101; preses rel\u012b\u017eu sagatavo\u0161an\u0101 u.tml.; iesaist\u012bties dz\u012bvesstila medija\u00a0Tuvum\u0101.lv\u00a0veido\u0161an\u0101; atbalst\u012bt medija uztur\u0113t\u0101ja \u2013 nodibin\u0101juma \u201cKrist\u012bga dz\u012bvesveida izp\u0113tes fonds\u201d \u2013 darb\u012bbu, un iepaz\u012bties ar m\u016bsu ekum\u0113nisko un virtu\u0101lo kristie\u0161u kopienu (vair\u0101k info \u0161eit:\u00a0fonds.tuvuma.lv); uzaicin\u0101t mani nodzied\u0101t un nosp\u0113l\u0113t &hellip;<\/p>\n<p class=\"read-more\"> <a class=\"\" href=\"https:\/\/aijavolka.lv\/\"> <span class=\"screen-reader-text\">&#8230; aIJa vOLKa &#8230;<\/span> Read More &raquo;<\/a><\/p>\n","protected":false},"author":1,"featured_media":0,"parent":0,"menu_order":0,"comment_status":"closed","ping_status":"closed","template":"","meta":{"site-sidebar-layout":"default","site-content-layout":"default","ast-main-header-display":"","ast-hfb-above-header-display":"","ast-hfb-below-header-display":"","ast-hfb-mobile-header-display":"","site-post-title":"","ast-breadcrumbs-content":"","ast-featured-img":"","footer-sml-layout":"","theme-transparent-header-meta":"default","adv-header-id-meta":"","stick-header-meta":"","header-above-stick-meta":"","header-main-stick-meta":"","header-below-stick-meta":"","footnotes":""},"class_list":["post-96","page","type-page","status-publish","hentry"],"_links":{"self":[{"href":"https:\/\/aijavolka.lv\/index.php\/wp-json\/wp\/v2\/pages\/96","targetHints":{"allow":["GET"]}}],"collection":[{"href":"https:\/\/aijavolka.lv\/index.php\/wp-json\/wp\/v2\/pages"}],"about":[{"href":"https:\/\/aijavolka.lv\/index.php\/wp-json\/wp\/v2\/types\/page"}],"author":[{"embeddable":true,"href":"https:\/\/aijavolka.lv\/index.php\/wp-json\/wp\/v2\/users\/1"}],"replies":[{"embeddable":true,"href":"https:\/\/aijavolka.lv\/index.php\/wp-json\/wp\/v2\/comments?post=96"}],"version-history":[{"count":22,"href":"https:\/\/aijavolka.lv\/index.php\/wp-json\/wp\/v2\/pages\/96\/revisions"}],"predecessor-version":[{"id":704,"href":"https:\/\/aijavolka.lv\/index.php\/wp-json\/wp\/v2\/pages\/96\/revisions\/704"}],"wp:attachment":[{"href":"https:\/\/aijavolka.lv\/index.php\/wp-json\/wp\/v2\/media?parent=96"}],"curies":[{"name":"wp","href":"https:\/\/api.w.org\/{rel}","templated":true}]}}