{"id":590,"date":"2025-04-25T10:22:36","date_gmt":"2025-04-25T10:22:36","guid":{"rendered":"https:\/\/aijavolka.lv\/?page_id=590"},"modified":"2025-09-17T08:01:20","modified_gmt":"2025-09-17T08:01:20","slug":"politika","status":"publish","type":"page","link":"https:\/\/aijavolka.lv\/index.php\/politika\/","title":{"rendered":"POLITIKA"},"content":{"rendered":"<p>2025. gada 7. j\u016bnij\u0101 piedal\u012bjos pa\u0161vald\u012bbu v\u0113l\u0113\u0161an\u0101s Ventspil\u012b, dele\u0123\u0113ta 2.sarakst\u0101 no partiju apvien\u012bbas &#8221;APVIENOTAIS SARAKSTS&#8221; un &#8221;Jaun\u0101 konservat\u012bv\u0101 partija&#8221;.<br \/>\nM\u016bsu programmas sauklis ir &#8221;Pieder\u012bgs Ventspilij!&#8221;. Aicinu sekot l\u012bdzi <a href=\"https:\/\/www.facebook.com\/piederigsVentspilij\">lapai &#8221;Facebook&#8221;<\/a>, k\u0101 ar\u012b <a href=\"https:\/\/www.instagram.com\/piederigs_Ventspilij\/#\">lapai Instagram<\/a>, un maniem ierakstiem no priv\u0101tajiem kontiem TikTok, X un citur ar t\u0113mturi #pieder\u012bgsVentspilij.<\/p>\n<p>&nbsp;<\/p>\n<p>Politi\u0137es lapa &#8221;Facebook&#8221; <a href=\"https:\/\/www.facebook.com\/profile.php?id=61576479892268\">\u0161eit<\/a>.<\/p>\n<p>&nbsp;<\/p>\n<blockquote class=\"wp-embedded-content\" data-secret=\"55BQ6du4CB\"><p><a href=\"https:\/\/aijavolka.lv\/index.php\/2025\/09\/17\/asv-virsnieki-baltkrievija-padomi-civilas-aizsardzibas-nedelai\/\">ASV virsnieki Baltkrievij\u0101?! Padomi Civil\u0101s aizsardz\u012bbas ned\u0113\u013cai<\/a><\/p><\/blockquote>\n<p><iframe loading=\"lazy\" class=\"wp-embedded-content\" sandbox=\"allow-scripts\" security=\"restricted\" style=\"position: absolute; visibility: hidden;\" title=\"&#8220;ASV virsnieki Baltkrievij\u0101?! Padomi Civil\u0101s aizsardz\u012bbas ned\u0113\u013cai&#8221; &#8212; \" src=\"https:\/\/aijavolka.lv\/index.php\/2025\/09\/17\/asv-virsnieki-baltkrievija-padomi-civilas-aizsardzibas-nedelai\/embed\/#?secret=jfxLmEcrD7#?secret=55BQ6du4CB\" data-secret=\"55BQ6du4CB\" width=\"500\" height=\"282\" frameborder=\"0\" marginwidth=\"0\" marginheight=\"0\" scrolling=\"no\"><\/iframe><\/p>\n<blockquote class=\"wp-embedded-content\" data-secret=\"9qW1jcfrqZ\"><p><a href=\"https:\/\/aijavolka.lv\/index.php\/2025\/06\/12\/aivis-landmanis-un-dzintars-kantsons-no-musu-saraksta-ieveletie-deputati\/\">Aivis Landmanis un Dzintars Kantsons \u2013 no m\u016bsu saraksta iev\u0113l\u0113tie deput\u0101ti<\/a><\/p><\/blockquote>\n<p><iframe loading=\"lazy\" class=\"wp-embedded-content\" sandbox=\"allow-scripts\" security=\"restricted\" style=\"position: absolute; visibility: hidden;\" title=\"&#8220;Aivis Landmanis un Dzintars Kantsons \u2013 no m\u016bsu saraksta iev\u0113l\u0113tie deput\u0101ti&#8221; &#8212; \" src=\"https:\/\/aijavolka.lv\/index.php\/2025\/06\/12\/aivis-landmanis-un-dzintars-kantsons-no-musu-saraksta-ieveletie-deputati\/embed\/#?secret=4vR83U9POX#?secret=9qW1jcfrqZ\" data-secret=\"9qW1jcfrqZ\" width=\"500\" height=\"282\" frameborder=\"0\" marginwidth=\"0\" marginheight=\"0\" scrolling=\"no\"><\/iframe><\/p>\n<blockquote class=\"wp-embedded-content\" data-secret=\"rNAmkTI6AJ\"><p><a href=\"https:\/\/aijavolka.lv\/index.php\/2025\/06\/03\/2-saraksta-programma-un-kandidati\/\">2.saraksta programma un kandid\u0101ti<\/a><\/p><\/blockquote>\n<p><iframe loading=\"lazy\" class=\"wp-embedded-content\" sandbox=\"allow-scripts\" security=\"restricted\" style=\"position: absolute; visibility: hidden;\" title=\"&#8220;2.saraksta programma un kandid\u0101ti&#8221; &#8212; \" src=\"https:\/\/aijavolka.lv\/index.php\/2025\/06\/03\/2-saraksta-programma-un-kandidati\/embed\/#?secret=yeWto5daE5#?secret=rNAmkTI6AJ\" data-secret=\"rNAmkTI6AJ\" width=\"500\" height=\"282\" frameborder=\"0\" marginwidth=\"0\" marginheight=\"0\" scrolling=\"no\"><\/iframe><\/p>\n<blockquote class=\"wp-embedded-content\" data-secret=\"fqp7eD1vtQ\"><p><a href=\"https:\/\/aijavolka.lv\/index.php\/2025\/05\/26\/intervija-ar-aivi-landmani\/\">&#8220;Ventspil\u012b viss iet uz Putina pasauli&#8221;. Intervija ar Aivi Landmani<\/a><\/p><\/blockquote>\n<p><iframe loading=\"lazy\" class=\"wp-embedded-content\" sandbox=\"allow-scripts\" security=\"restricted\" style=\"position: absolute; visibility: hidden;\" title=\"&#8220;&#8220;Ventspil\u012b viss iet uz Putina pasauli&#8221;. Intervija ar Aivi Landmani&#8221; &#8212; \" src=\"https:\/\/aijavolka.lv\/index.php\/2025\/05\/26\/intervija-ar-aivi-landmani\/embed\/#?secret=nQW2k22UwN#?secret=fqp7eD1vtQ\" data-secret=\"fqp7eD1vtQ\" width=\"500\" height=\"282\" frameborder=\"0\" marginwidth=\"0\" marginheight=\"0\" scrolling=\"no\"><\/iframe><\/p>\n<p>&nbsp;<\/p>\n<blockquote class=\"wp-embedded-content\" data-secret=\"vxBcWQvOE4\"><p><a href=\"https:\/\/aijavolka.lv\/index.php\/2025\/05\/27\/dezinformacija-ventspili-intervija-ar-girtu-valdi-kristovski\/\">Dezinform\u0101cija Ventspil\u012b. Intervija ar \u0122irtu Valdi Kristovski<\/a><\/p><\/blockquote>\n<p><iframe loading=\"lazy\" class=\"wp-embedded-content\" sandbox=\"allow-scripts\" security=\"restricted\" style=\"position: absolute; visibility: hidden;\" title=\"&#8220;Dezinform\u0101cija Ventspil\u012b. Intervija ar \u0122irtu Valdi Kristovski&#8221; &#8212; \" src=\"https:\/\/aijavolka.lv\/index.php\/2025\/05\/27\/dezinformacija-ventspili-intervija-ar-girtu-valdi-kristovski\/embed\/#?secret=BC1bkdRl3F#?secret=vxBcWQvOE4\" data-secret=\"vxBcWQvOE4\" width=\"500\" height=\"282\" frameborder=\"0\" marginwidth=\"0\" marginheight=\"0\" scrolling=\"no\"><\/iframe><\/p>\n<p>&nbsp;<\/p>\n","protected":false},"excerpt":{"rendered":"<p>2025. gada 7. j\u016bnij\u0101 piedal\u012bjos pa\u0161vald\u012bbu v\u0113l\u0113\u0161an\u0101s Ventspil\u012b, dele\u0123\u0113ta 2.sarakst\u0101 no partiju apvien\u012bbas &#8221;APVIENOTAIS SARAKSTS&#8221; un &#8221;Jaun\u0101 konservat\u012bv\u0101 partija&#8221;. M\u016bsu programmas sauklis ir &#8221;Pieder\u012bgs Ventspilij!&#8221;. Aicinu sekot l\u012bdzi lapai &#8221;Facebook&#8221;, k\u0101 ar\u012b lapai Instagram, un maniem ierakstiem no priv\u0101tajiem kontiem TikTok, X un citur ar t\u0113mturi #pieder\u012bgsVentspilij. &nbsp; Politi\u0137es lapa &#8221;Facebook&#8221; \u0161eit. &nbsp; ASV virsnieki &hellip;<\/p>\n<p class=\"read-more\"> <a class=\"\" href=\"https:\/\/aijavolka.lv\/index.php\/politika\/\"> <span class=\"screen-reader-text\">POLITIKA<\/span> Read More &raquo;<\/a><\/p>\n","protected":false},"author":1,"featured_media":0,"parent":0,"menu_order":0,"comment_status":"closed","ping_status":"closed","template":"","meta":{"site-sidebar-layout":"default","site-content-layout":"default","ast-main-header-display":"","ast-hfb-above-header-display":"","ast-hfb-below-header-display":"","ast-hfb-mobile-header-display":"","site-post-title":"","ast-breadcrumbs-content":"","ast-featured-img":"","footer-sml-layout":"","theme-transparent-header-meta":"default","adv-header-id-meta":"","stick-header-meta":"","header-above-stick-meta":"","header-main-stick-meta":"","header-below-stick-meta":"","footnotes":""},"class_list":["post-590","page","type-page","status-publish","hentry"],"_links":{"self":[{"href":"https:\/\/aijavolka.lv\/index.php\/wp-json\/wp\/v2\/pages\/590","targetHints":{"allow":["GET"]}}],"collection":[{"href":"https:\/\/aijavolka.lv\/index.php\/wp-json\/wp\/v2\/pages"}],"about":[{"href":"https:\/\/aijavolka.lv\/index.php\/wp-json\/wp\/v2\/types\/page"}],"author":[{"embeddable":true,"href":"https:\/\/aijavolka.lv\/index.php\/wp-json\/wp\/v2\/users\/1"}],"replies":[{"embeddable":true,"href":"https:\/\/aijavolka.lv\/index.php\/wp-json\/wp\/v2\/comments?post=590"}],"version-history":[{"count":10,"href":"https:\/\/aijavolka.lv\/index.php\/wp-json\/wp\/v2\/pages\/590\/revisions"}],"predecessor-version":[{"id":598,"href":"https:\/\/aijavolka.lv\/index.php\/wp-json\/wp\/v2\/pages\/590\/revisions\/598"}],"wp:attachment":[{"href":"https:\/\/aijavolka.lv\/index.php\/wp-json\/wp\/v2\/media?parent=590"}],"curies":[{"name":"wp","href":"https:\/\/api.w.org\/{rel}","templated":true}]}}