{"id":48,"date":"2022-03-21T21:32:39","date_gmt":"2022-03-21T21:32:39","guid":{"rendered":"https:\/\/aijavolka.lv\/?page_id=48"},"modified":"2025-02-24T12:23:48","modified_gmt":"2025-02-24T12:23:48","slug":"dzeja","status":"publish","type":"page","link":"https:\/\/aijavolka.lv\/index.php\/dzeja\/","title":{"rendered":"DZEJA"},"content":{"rendered":"<p><img loading=\"lazy\" decoding=\"async\" class=\"size-medium wp-image-49 alignright\" src=\"https:\/\/aijavolka.lv\/wp-content\/uploads\/2022\/03\/tur-aiz-loga-300x200.jpg\" alt=\"\" width=\"300\" height=\"200\" srcset=\"https:\/\/aijavolka.lv\/wp-content\/uploads\/2022\/03\/tur-aiz-loga-300x200.jpg 300w, https:\/\/aijavolka.lv\/wp-content\/uploads\/2022\/03\/tur-aiz-loga.jpg 400w\" sizes=\"auto, (max-width: 300px) 100vw, 300px\" \/>Dzejas rindas top ik pa laikam ikdien\u0101, pierakstot uz da\u017eneda\u017e\u0101d\u0101m lapi\u0146\u0101m. Pirmoreiz public\u0113tas kopkr\u0101jum\u0101<a href=\"https:\/\/ventspils.biblioteka.lv\/Alise\/lv\/book.aspx?id=229059&amp;ident=1242162&amp;c=1&amp;c=4&amp;c=3\"> &#8221;Tur, aiz loga&#8230;&#8221; (2017, Domu p\u0113rles).<\/a><\/p>\n<p>Kr\u0101jum\u0101 tostarp iek\u013cauti teksti, kas ir atsevi\u0161\u0137u dziesmu v\u0101rdi. Liel\u0101koties b\u0113rn\u012bbas un jaun\u012bbas dien\u0101s tapu\u0161as v\u0101rsmas &#8211; lai, atst\u0101jot pag\u0101tn\u0113 to, kas tolaik bija svar\u012bgs, varu doties uz priek\u0161u briedum\u0101, jaunos tematos un dzi\u013cumos, iztirz\u0101jot aktu\u0101los jaut\u0101jumus un mekl\u0113dama jaunas atbildes.<\/p>\n<h3>DAL\u012aBA PAS\u0100KUMOS<\/h3>\n<p>2023.gada 18.febru\u0101r\u012b piedal\u012bjos m\u0101kslas izp\u0113tes vakar\u0101 &#8221;B\u016bt vai neb\u016bt?&#8221; Hamlet\u0101, J\u0101\u0146a s\u0113t\u0101, R\u012bg\u0101 <iframe loading=\"lazy\" style=\"border: none; overflow: hidden;\" src=\"https:\/\/www.facebook.com\/plugins\/post.php?href=https%3A%2F%2Fwww.facebook.com%2Faija.volka%2Fposts%2Fpfbid02WDVqbGdHQNgdbPoqN6Gc4g7fVgUEZ5Qy9gTU3Yqkt5qXE1ttLEnorGACCJYc6fXql&amp;show_text=true&amp;width=500\" width=\"500\" height=\"781\" frameborder=\"0\" scrolling=\"no\" allowfullscreen=\"allowfullscreen\"><\/iframe><\/p>\n<p>&nbsp;<\/p>\n<p>&nbsp;<\/p>\n<h3>V\u0100RSMAS<\/h3>\n<p>&nbsp;<\/p>\n<p><iframe loading=\"lazy\" title=\"YouTube video player\" src=\"https:\/\/www.youtube.com\/embed\/M4P510M9KIc\" width=\"560\" height=\"315\" frameborder=\"0\" allowfullscreen=\"allowfullscreen\"><\/iframe><\/p>\n<h3><\/h3>\n<p><a href=\"https:\/\/aijavolka.lv\/index.php\/2025\/02\/24\/apturi-mani\/\">Apturi mani&#8230;<\/a><\/p>\n<h3><\/h3>\n<blockquote class=\"wp-embedded-content\" data-secret=\"giOS9ChTWa\"><p><a href=\"https:\/\/aijavolka.lv\/index.php\/2023\/02\/17\/man-patik-verot-ka-tu-guli\/\">Man pat\u012bk v\u0113rot, k\u0101 tu guli&#8230;<\/a><\/p><\/blockquote>\n<p><iframe loading=\"lazy\" class=\"wp-embedded-content\" sandbox=\"allow-scripts\" security=\"restricted\" style=\"position: absolute; visibility: hidden;\" title=\"&#8220;Man pat\u012bk v\u0113rot, k\u0101 tu guli&#8230;&#8221; &#8212; Aija Volka\" src=\"https:\/\/aijavolka.lv\/index.php\/2023\/02\/17\/man-patik-verot-ka-tu-guli\/embed\/#?secret=QwUyuAf8O1#?secret=giOS9ChTWa\" data-secret=\"giOS9ChTWa\" width=\"500\" height=\"282\" frameborder=\"0\" marginwidth=\"0\" marginheight=\"0\" scrolling=\"no\"><\/iframe><\/p>\n<blockquote class=\"wp-embedded-content\" data-secret=\"GrhqrUwl7e\"><p><a href=\"https:\/\/aijavolka.lv\/index.php\/2023\/02\/17\/tevs-mate-berns-ieiet-pareiza-baznica\/\">T\u0113vs, m\u0101te, b\u0113rns ieiet pareiz\u0101 bazn\u012bc\u0101&#8230;<\/a><\/p><\/blockquote>\n<p><iframe loading=\"lazy\" class=\"wp-embedded-content\" sandbox=\"allow-scripts\" security=\"restricted\" style=\"position: absolute; visibility: hidden;\" title=\"&#8220;T\u0113vs, m\u0101te, b\u0113rns ieiet pareiz\u0101 bazn\u012bc\u0101&#8230;&#8221; &#8212; Aija Volka\" src=\"https:\/\/aijavolka.lv\/index.php\/2023\/02\/17\/tevs-mate-berns-ieiet-pareiza-baznica\/embed\/#?secret=IIMkI0x5b1#?secret=GrhqrUwl7e\" data-secret=\"GrhqrUwl7e\" width=\"500\" height=\"282\" frameborder=\"0\" marginwidth=\"0\" marginheight=\"0\" scrolling=\"no\"><\/iframe><\/p>\n<blockquote class=\"wp-embedded-content\" data-secret=\"eVai52h6lw\"><p><a href=\"https:\/\/aijavolka.lv\/index.php\/2023\/02\/17\/nac-lauka\/\">N\u0101c lauk\u0101!<\/a><\/p><\/blockquote>\n<p><iframe loading=\"lazy\" class=\"wp-embedded-content\" sandbox=\"allow-scripts\" security=\"restricted\" style=\"position: absolute; visibility: hidden;\" title=\"&#8220;N\u0101c lauk\u0101!&#8221; &#8212; Aija Volka\" src=\"https:\/\/aijavolka.lv\/index.php\/2023\/02\/17\/nac-lauka\/embed\/#?secret=wxD7fgXc4m#?secret=eVai52h6lw\" data-secret=\"eVai52h6lw\" width=\"500\" height=\"282\" frameborder=\"0\" marginwidth=\"0\" marginheight=\"0\" scrolling=\"no\"><\/iframe><\/p>\n<blockquote class=\"wp-embedded-content\" data-secret=\"YRg4Ut3DiP\"><p><a href=\"https:\/\/aijavolka.lv\/index.php\/2023\/02\/17\/es-esmu-baisa-zemudene\/\">Es esmu baisa zem\u016bdene&#8230;<\/a><\/p><\/blockquote>\n<p><iframe loading=\"lazy\" class=\"wp-embedded-content\" sandbox=\"allow-scripts\" security=\"restricted\" style=\"position: absolute; visibility: hidden;\" title=\"&#8220;Es esmu baisa zem\u016bdene&#8230;&#8221; &#8212; Aija Volka\" src=\"https:\/\/aijavolka.lv\/index.php\/2023\/02\/17\/es-esmu-baisa-zemudene\/embed\/#?secret=dLkdUcsk81#?secret=YRg4Ut3DiP\" data-secret=\"YRg4Ut3DiP\" width=\"500\" height=\"282\" frameborder=\"0\" marginwidth=\"0\" marginheight=\"0\" scrolling=\"no\"><\/iframe><\/p>\n<blockquote class=\"wp-embedded-content\" data-secret=\"iJwi5NaRdf\"><p><a href=\"https:\/\/aijavolka.lv\/index.php\/2022\/04\/10\/esam-maciti-neteikt-domas-skali\/\">esam m\u0101c\u012bti neteikt domas ska\u013ci<\/a><\/p><\/blockquote>\n<p><iframe loading=\"lazy\" class=\"wp-embedded-content\" sandbox=\"allow-scripts\" security=\"restricted\" style=\"position: absolute; visibility: hidden;\" title=\"&#8220;esam m\u0101c\u012bti neteikt domas ska\u013ci&#8221; &#8212; Aija Volka\" src=\"https:\/\/aijavolka.lv\/index.php\/2022\/04\/10\/esam-maciti-neteikt-domas-skali\/embed\/#?secret=R2q8qOomZ7#?secret=iJwi5NaRdf\" data-secret=\"iJwi5NaRdf\" width=\"500\" height=\"282\" frameborder=\"0\" marginwidth=\"0\" marginheight=\"0\" scrolling=\"no\"><\/iframe><\/p>\n<p>&nbsp;<\/p>\n<blockquote class=\"wp-embedded-content\" data-secret=\"n4kXFOsOUu\"><p><a href=\"https:\/\/aijavolka.lv\/index.php\/2022\/03\/15\/ir_pieeja_patiesibu_vertet\/\">Ir pieeja paties\u012bbu v\u0113rt\u0113t&#8230;<\/a><\/p><\/blockquote>\n<p><iframe loading=\"lazy\" class=\"wp-embedded-content\" sandbox=\"allow-scripts\" security=\"restricted\" style=\"position: absolute; visibility: hidden;\" title=\"&#8220;Ir pieeja paties\u012bbu v\u0113rt\u0113t&#8230;&#8221; &#8212; Aija Volka\" src=\"https:\/\/aijavolka.lv\/index.php\/2022\/03\/15\/ir_pieeja_patiesibu_vertet\/embed\/#?secret=ltWMUQa3v1#?secret=n4kXFOsOUu\" data-secret=\"n4kXFOsOUu\" width=\"500\" height=\"282\" frameborder=\"0\" marginwidth=\"0\" marginheight=\"0\" scrolling=\"no\"><\/iframe><\/p>\n<p>&nbsp;<\/p>\n","protected":false},"excerpt":{"rendered":"<p>Dzejas rindas top ik pa laikam ikdien\u0101, pierakstot uz da\u017eneda\u017e\u0101d\u0101m lapi\u0146\u0101m. Pirmoreiz public\u0113tas kopkr\u0101jum\u0101 &#8221;Tur, aiz loga&#8230;&#8221; (2017, Domu p\u0113rles). Kr\u0101jum\u0101 tostarp iek\u013cauti teksti, kas ir atsevi\u0161\u0137u dziesmu v\u0101rdi. Liel\u0101koties b\u0113rn\u012bbas un jaun\u012bbas dien\u0101s tapu\u0161as v\u0101rsmas &#8211; lai, atst\u0101jot pag\u0101tn\u0113 to, kas tolaik bija svar\u012bgs, varu doties uz priek\u0161u briedum\u0101, jaunos tematos un dzi\u013cumos, iztirz\u0101jot &hellip;<\/p>\n<p class=\"read-more\"> <a class=\"\" href=\"https:\/\/aijavolka.lv\/index.php\/dzeja\/\"> <span class=\"screen-reader-text\">DZEJA<\/span> Read More &raquo;<\/a><\/p>\n","protected":false},"author":1,"featured_media":0,"parent":0,"menu_order":0,"comment_status":"closed","ping_status":"closed","template":"","meta":{"site-sidebar-layout":"default","site-content-layout":"default","ast-main-header-display":"","ast-hfb-above-header-display":"","ast-hfb-below-header-display":"","ast-hfb-mobile-header-display":"","site-post-title":"","ast-breadcrumbs-content":"","ast-featured-img":"","footer-sml-layout":"","theme-transparent-header-meta":"default","adv-header-id-meta":"","stick-header-meta":"","header-above-stick-meta":"","header-main-stick-meta":"","header-below-stick-meta":"","footnotes":""},"class_list":["post-48","page","type-page","status-publish","hentry"],"_links":{"self":[{"href":"https:\/\/aijavolka.lv\/index.php\/wp-json\/wp\/v2\/pages\/48","targetHints":{"allow":["GET"]}}],"collection":[{"href":"https:\/\/aijavolka.lv\/index.php\/wp-json\/wp\/v2\/pages"}],"about":[{"href":"https:\/\/aijavolka.lv\/index.php\/wp-json\/wp\/v2\/types\/page"}],"author":[{"embeddable":true,"href":"https:\/\/aijavolka.lv\/index.php\/wp-json\/wp\/v2\/users\/1"}],"replies":[{"embeddable":true,"href":"https:\/\/aijavolka.lv\/index.php\/wp-json\/wp\/v2\/comments?post=48"}],"version-history":[{"count":21,"href":"https:\/\/aijavolka.lv\/index.php\/wp-json\/wp\/v2\/pages\/48\/revisions"}],"predecessor-version":[{"id":579,"href":"https:\/\/aijavolka.lv\/index.php\/wp-json\/wp\/v2\/pages\/48\/revisions\/579"}],"wp:attachment":[{"href":"https:\/\/aijavolka.lv\/index.php\/wp-json\/wp\/v2\/media?parent=48"}],"curies":[{"name":"wp","href":"https:\/\/api.w.org\/{rel}","templated":true}]}}