{"id":43,"date":"2022-03-21T21:16:46","date_gmt":"2022-03-21T21:16:46","guid":{"rendered":"https:\/\/aijavolka.lv\/?page_id=43"},"modified":"2025-09-15T13:50:21","modified_gmt":"2025-09-15T13:50:21","slug":"muzika","status":"publish","type":"page","link":"https:\/\/aijavolka.lv\/index.php\/muzika\/","title":{"rendered":"M\u016aZIKA"},"content":{"rendered":"<p>M\u016bzika un skatuve ir mans aicin\u0101jums kop\u0161 agras b\u0113rn\u012bbas &#8211; dziedu, sp\u0113l\u0113ju klavieres. Savas dziesmas rakstu kop\u0161 8 gadu vecuma.<\/p>\n<p>Dziesmas tapu\u0161as gan solo izpild\u012bjumam, gan duetam, korim, muzik\u0101lai izr\u0101dei. Saceru ar\u012b vienk\u0101r\u0161i melodijas vai instrument\u0101lus ska\u0146darbus.\u00a0Liel\u0101koties dziesmas rakstu ar saviem v\u0101rdiem, k\u0101 ar\u012b, izmantojot citu autoru dzejo\u013cus latvie\u0161u valod\u0101. Labpr\u0101t izpildu savas dziesmas kl\u0101tien\u0113, pati piesp\u0113l\u0113jot klavieres vai kop\u0101 ar m\u016bzi\u0137iem akustisk\u0101 skan\u0113jum\u0101. M\u016bzikas virziens ir sint\u0113ze starp popm\u016bziku, d\u017eezu, roku, R&amp;B u.c.<\/p>\n<p>\u0160obr\u012bd neesmu past\u0101v\u012bgas m\u016bzi\u0137u grupas dal\u012bbniece, bet savulaik vad\u012bju pop-rock\/popd\u017eeza grupu &#8220;Frekvence'&#8221;. Priec\u0101tos sadarboties ar jauniem m\u016bzi\u0137iem.<\/p>\n<ul>\n<li><a href=\"https:\/\/soundcloud.com\/aija-volka\">SoundCloud<\/a><\/li>\n<li><a href=\"https:\/\/www.youtube.com\/watch?v=CkNG_HYYKZE&amp;list=PLEvjBA6zmsqIbMkUOt3berbwn6me4CJ_5\">Youtube<\/a>\/Ori\u0123in\u0101lm\u016bzika<\/li>\n<\/ul>\n<p><strong>2025. gada 6.apr\u012bl\u012b<\/strong> uzst\u0101jos <a href=\"https:\/\/aijavolka.lv\/index.php\/2025\/09\/15\/viksnu-fests-25\/\">&#8221;V\u012bksnu fests&#8217; 25&#8221;<\/a><\/p>\n<p><img loading=\"lazy\" decoding=\"async\" class=\"alignnone size-medium wp-image-654\" src=\"https:\/\/aijavolka.lv\/wp-content\/uploads\/2025\/09\/547674099_10227570247934063_9207988568245426849_n-300x200.jpg\" alt=\"\" width=\"300\" height=\"200\" srcset=\"https:\/\/aijavolka.lv\/wp-content\/uploads\/2025\/09\/547674099_10227570247934063_9207988568245426849_n-300x200.jpg 300w, https:\/\/aijavolka.lv\/wp-content\/uploads\/2025\/09\/547674099_10227570247934063_9207988568245426849_n-1024x682.jpg 1024w, https:\/\/aijavolka.lv\/wp-content\/uploads\/2025\/09\/547674099_10227570247934063_9207988568245426849_n-768x511.jpg 768w, https:\/\/aijavolka.lv\/wp-content\/uploads\/2025\/09\/547674099_10227570247934063_9207988568245426849_n-1536x1022.jpg 1536w, https:\/\/aijavolka.lv\/wp-content\/uploads\/2025\/09\/547674099_10227570247934063_9207988568245426849_n.jpg 2048w\" sizes=\"auto, (max-width: 300px) 100vw, 300px\" \/><\/p>\n<p><strong>2025. gada 1.apr\u012bl\u012b<\/strong> viesojos Olaines 1. vidusskol\u0101<\/p>\n<p><iframe loading=\"lazy\" style=\"border: none; overflow: hidden;\" src=\"https:\/\/www.facebook.com\/plugins\/post.php?href=https%3A%2F%2Fwww.facebook.com%2Folaines1vsk%2Fposts%2Fpfbid02iSifRuA3EkzNqXBQT15U16h5jNdCMEqEtxMYWjjAh727e46oCdUzos4U5H7BqMMEl&amp;show_text=true&amp;width=500\" width=\"500\" height=\"853\" frameborder=\"0\" scrolling=\"no\" allowfullscreen=\"allowfullscreen\"><\/iframe><\/p>\n<p>&nbsp;<\/p>\n<p><strong>2024. gada 5. apr\u012bl\u012b<\/strong> Galven\u0101s bibliot\u0113kas z\u0101l\u0113 muzic\u0113ju <a href=\"https:\/\/www.visitventspils.com\/maldas-pornieces-izstades-atklasanas-pasakums-ventspils-galvenaja-biblioteka\/\">gleznot\u0101jas un dzejnieces Maldas Pornieces jubilejas izst\u0101des \u201cAr dabas sp\u0113ku\u201d atkl\u0101\u0161anas pas\u0101kum\u0101<\/a>.<\/p>\n<p><strong>2023.gada 11.mart\u0101 koncertz\u0101les &#8221;Latvija&#8221; 2.st\u0101va Green Room, Lielaj\u0101 laukum\u0101 1, Ventspil\u012b sniedzu koncertu &#8220;Aijas balss&#8221;<\/strong><\/p>\n<p><iframe loading=\"lazy\" style=\"border: none; overflow: hidden;\" src=\"https:\/\/www.facebook.com\/plugins\/video.php?height=476&amp;href=https%3A%2F%2Fwww.facebook.com%2Faija.volka%2Fvideos%2F1318974295350047%2F&amp;show_text=false&amp;width=269&amp;t=0\" width=\"269\" height=\"476\" frameborder=\"0\" scrolling=\"no\" allowfullscreen=\"allowfullscreen\"><\/iframe><\/p>\n<p><iframe loading=\"lazy\" style=\"border: none; overflow: hidden;\" src=\"https:\/\/www.facebook.com\/plugins\/post.php?href=https%3A%2F%2Fwww.facebook.com%2Faija.volka%2Fposts%2Fpfbid02Gi998reMgn3725ZtcYEVZLdVvdHqwwA33oHLV5dAnSHQgtptLZZfFwiosteJa97Tl&amp;show_text=true&amp;width=500\" width=\"500\" height=\"507\" frameborder=\"0\" scrolling=\"no\" allowfullscreen=\"allowfullscreen\"><\/iframe><\/p>\n<p>Koncerta video, fotogr\u0101fiju, koment\u0101ru apkopojums <a href=\"https:\/\/aijavolka.lv\/index.php\/2023\/03\/05\/11-marta-plkst-18-00-akustiskais-koncerts\/\">\u0161eit<\/a>.<\/p>\n<p><strong>2022. gada 3. august\u0101<\/strong> <a href=\"https:\/\/aijavolka.lv\/index.php\/2022\/08\/19\/viesojos-kristigaja-makslas-nometne-imaginations-uzava\/\">Viesojos krist\u012bgaj\u0101 m\u0101kslas nometn\u0113 \u201dImagiNations\u201d U\u017eav\u0101 \u2013 Aija Volka<\/a><\/p>\n<p><img loading=\"lazy\" decoding=\"async\" class=\"wp-image-313 aligncenter\" src=\"https:\/\/aijavolka.lv\/wp-content\/uploads\/2022\/08\/imagiNations1-300x200.jpg\" alt=\"\" width=\"461\" height=\"308\" srcset=\"https:\/\/aijavolka.lv\/wp-content\/uploads\/2022\/08\/imagiNations1-300x200.jpg 300w, https:\/\/aijavolka.lv\/wp-content\/uploads\/2022\/08\/imagiNations1-1024x683.jpg 1024w, https:\/\/aijavolka.lv\/wp-content\/uploads\/2022\/08\/imagiNations1-768x512.jpg 768w, https:\/\/aijavolka.lv\/wp-content\/uploads\/2022\/08\/imagiNations1.jpg 1279w\" sizes=\"auto, (max-width: 461px) 100vw, 461px\" \/><\/p>\n<p><strong>2021. gada decembr\u012b uzst\u0101jos Ziemssv\u0113tku noska\u0146\u0101s P\u0101rventas bibliot\u0113k\u0101, tiekoties ar st\u0101stniekiem<\/strong><\/p>\n<blockquote class=\"instagram-media\" style=\"background: #FFF; border: 0; border-radius: 3px; box-shadow: 0 0 1px 0 rgba(0,0,0,0.5),0 1px 10px 0 rgba(0,0,0,0.15); margin: 1px; max-width: 540px; min-width: 326px; padding: 0; width: calc(100% - 2px);\" data-instgrm-captioned=\"\" data-instgrm-permalink=\"https:\/\/www.instagram.com\/p\/CXochJfsUZm\/?utm_source=ig_embed&amp;utm_campaign=loading\" data-instgrm-version=\"14\">\n<div style=\"padding: 16px;\">\n<p>&nbsp;<\/p>\n<div style=\"display: flex; flex-direction: row; align-items: center;\">\n<div style=\"background-color: #f4f4f4; border-radius: 50%; flex-grow: 0; height: 40px; margin-right: 14px; width: 40px;\"><\/div>\n<div style=\"display: flex; flex-direction: column; flex-grow: 1; justify-content: center;\">\n<div style=\"background-color: #f4f4f4; border-radius: 4px; flex-grow: 0; height: 14px; margin-bottom: 6px; width: 100px;\"><\/div>\n<div style=\"background-color: #f4f4f4; border-radius: 4px; flex-grow: 0; height: 14px; width: 60px;\"><\/div>\n<\/div>\n<\/div>\n<div style=\"padding: 19% 0;\"><\/div>\n<div style=\"display: block; height: 50px; margin: 0 auto 12px; width: 50px;\"><\/div>\n<div style=\"padding-top: 8px;\">\n<div style=\"color: #3897f0; font-family: Arial,sans-serif; font-size: 14px; font-style: normal; font-weight: 550; line-height: 18px;\">View this post on Instagram<\/div>\n<\/div>\n<div style=\"padding: 12.5% 0;\"><\/div>\n<div style=\"display: flex; flex-direction: row; margin-bottom: 14px; align-items: center;\">\n<div>\n<div style=\"background-color: #f4f4f4; border-radius: 50%; height: 12.5px; width: 12.5px; transform: translateX(0px) translateY(7px);\"><\/div>\n<div style=\"background-color: #f4f4f4; height: 12.5px; transform: rotate(-45deg) translateX(3px) translateY(1px); width: 12.5px; flex-grow: 0; margin-right: 14px; margin-left: 2px;\"><\/div>\n<div style=\"background-color: #f4f4f4; border-radius: 50%; height: 12.5px; width: 12.5px; transform: translateX(9px) translateY(-18px);\"><\/div>\n<\/div>\n<div style=\"margin-left: 8px;\">\n<div style=\"background-color: #f4f4f4; border-radius: 50%; flex-grow: 0; height: 20px; width: 20px;\"><\/div>\n<div style=\"width: 0; height: 0; border-top: 2px solid transparent; border-left: 6px solid #f4f4f4; border-bottom: 2px solid transparent; transform: translateX(16px) translateY(-4px) rotate(30deg);\"><\/div>\n<\/div>\n<div style=\"margin-left: auto;\">\n<div style=\"width: 0px; border-top: 8px solid #F4F4F4; border-right: 8px solid transparent; transform: translateY(16px);\"><\/div>\n<div style=\"background-color: #f4f4f4; flex-grow: 0; height: 12px; width: 16px; transform: translateY(-4px);\"><\/div>\n<div style=\"width: 0; height: 0; border-top: 8px solid #F4F4F4; border-left: 8px solid transparent; transform: translateY(-4px) translateX(8px);\"><\/div>\n<\/div>\n<\/div>\n<div style=\"display: flex; flex-direction: column; flex-grow: 1; justify-content: center; margin-bottom: 24px;\">\n<div style=\"background-color: #f4f4f4; border-radius: 4px; flex-grow: 0; height: 14px; margin-bottom: 6px; width: 224px;\"><\/div>\n<div style=\"background-color: #f4f4f4; border-radius: 4px; flex-grow: 0; height: 14px; width: 144px;\"><\/div>\n<\/div>\n<p>&nbsp;<\/p>\n<p style=\"color: #c9c8cd; font-family: Arial,sans-serif; font-size: 14px; line-height: 17px; margin-bottom: 0; margin-top: 8px; overflow: hidden; padding: 8px 0 7px; text-align: center; text-overflow: ellipsis; white-space: nowrap;\"><a style=\"color: #c9c8cd; font-family: Arial,sans-serif; font-size: 14px; font-style: normal; font-weight: normal; line-height: 17px; text-decoration: none;\" href=\"https:\/\/www.instagram.com\/p\/CXochJfsUZm\/?utm_source=ig_embed&amp;utm_campaign=loading\" target=\"_blank\" rel=\"noopener\">A post shared by Aija Volka (@aija_volka)<\/a><\/p>\n<\/div>\n<\/blockquote>\n<p><script async src=\"\/\/www.instagram.com\/embed.js\"><\/script><\/p>\n<p><strong>2019. gada 7. j\u016bnij\u0101<\/strong> Bazn\u012bcu nakts ietvaros kop\u0101 ar Gunu P\u016bci uzst\u0101j\u0101mies \u0122ipkas baptistu draudz\u0113.<\/p>\n<p><img loading=\"lazy\" decoding=\"async\" class=\"wp-image-321 aligncenter\" src=\"https:\/\/aijavolka.lv\/wp-content\/uploads\/2022\/08\/61996161_10218624806189767_4199251029230878720_n-225x300.jpg\" alt=\"\" width=\"319\" height=\"425\" srcset=\"https:\/\/aijavolka.lv\/wp-content\/uploads\/2022\/08\/61996161_10218624806189767_4199251029230878720_n-225x300.jpg 225w, https:\/\/aijavolka.lv\/wp-content\/uploads\/2022\/08\/61996161_10218624806189767_4199251029230878720_n-768x1024.jpg 768w, https:\/\/aijavolka.lv\/wp-content\/uploads\/2022\/08\/61996161_10218624806189767_4199251029230878720_n-1152x1536.jpg 1152w, https:\/\/aijavolka.lv\/wp-content\/uploads\/2022\/08\/61996161_10218624806189767_4199251029230878720_n.jpg 1200w\" sizes=\"auto, (max-width: 319px) 100vw, 319px\" \/><\/p>\n<blockquote><p><strong>2018.gad\u0101<\/strong> iestud\u0113ts minim\u016bzikls p\u0113c Rai\u0146a lugas &#8221;Suns un ka\u0137e&#8221;, kam biju viena no m\u016bzikas autor\u0113m. Minim\u016bzikls iestud\u0113ts Ventspil\u012b un <a href=\"https:\/\/www.liepajniekiem.lv\/zinas\/kulturvide\/muzika\/aicina-svinet-dazadibu\/\">Liep\u0101j\u0101<\/a>.<img loading=\"lazy\" decoding=\"async\" class=\"wp-image-59 aligncenter\" src=\"https:\/\/aijavolka.lv\/wp-content\/uploads\/2022\/03\/kake-300x225.jpg\" alt=\"\" width=\"487\" height=\"365\" srcset=\"https:\/\/aijavolka.lv\/wp-content\/uploads\/2022\/03\/kake-300x225.jpg 300w, https:\/\/aijavolka.lv\/wp-content\/uploads\/2022\/03\/kake-1024x768.jpg 1024w, https:\/\/aijavolka.lv\/wp-content\/uploads\/2022\/03\/kake-768x576.jpg 768w, https:\/\/aijavolka.lv\/wp-content\/uploads\/2022\/03\/kake-1536x1152.jpg 1536w, https:\/\/aijavolka.lv\/wp-content\/uploads\/2022\/03\/kake.jpg 2016w\" sizes=\"auto, (max-width: 487px) 100vw, 487px\" \/><\/p>\n<p>&nbsp;<\/p><\/blockquote>\n<p><strong style=\"font-size: 16px;\">2018. gada 11.septembr\u012b<\/strong><span style=\"font-size: 16px;\"> Dzejas dienu pas\u0101kum\u0101 atska\u0146otas ori\u0123in\u0101ldziesmas<\/span><\/p>\n<p><img loading=\"lazy\" decoding=\"async\" class=\"wp-image-185 aligncenter\" src=\"https:\/\/aijavolka.lv\/wp-content\/uploads\/2022\/05\/40764697_10211592092610166_8632588973073498112_n-300x200.jpg\" alt=\"\" width=\"550\" height=\"366\" srcset=\"https:\/\/aijavolka.lv\/wp-content\/uploads\/2022\/05\/40764697_10211592092610166_8632588973073498112_n-300x200.jpg 300w, https:\/\/aijavolka.lv\/wp-content\/uploads\/2022\/05\/40764697_10211592092610166_8632588973073498112_n-1024x683.jpg 1024w, https:\/\/aijavolka.lv\/wp-content\/uploads\/2022\/05\/40764697_10211592092610166_8632588973073498112_n-768x512.jpg 768w, https:\/\/aijavolka.lv\/wp-content\/uploads\/2022\/05\/40764697_10211592092610166_8632588973073498112_n-1536x1024.jpg 1536w, https:\/\/aijavolka.lv\/wp-content\/uploads\/2022\/05\/40764697_10211592092610166_8632588973073498112_n.jpg 1944w\" sizes=\"auto, (max-width: 550px) 100vw, 550px\" \/><\/p>\n<blockquote><p><strong>2016.gada 21.septembr\u012b<\/strong> medija &#8221;Tuvum\u0101&#8221; atkl\u0101\u0161anas pas\u0101kum\u0101<\/p>\n<p><img loading=\"lazy\" decoding=\"async\" class=\"alignnone wp-image-193\" src=\"https:\/\/aijavolka.lv\/wp-content\/uploads\/2022\/05\/14434988_1207982465925144_4595851254412643556_o-300x200.jpg\" alt=\"\" width=\"539\" height=\"359\" srcset=\"https:\/\/aijavolka.lv\/wp-content\/uploads\/2022\/05\/14434988_1207982465925144_4595851254412643556_o-300x200.jpg 300w, https:\/\/aijavolka.lv\/wp-content\/uploads\/2022\/05\/14434988_1207982465925144_4595851254412643556_o-1024x684.jpg 1024w, https:\/\/aijavolka.lv\/wp-content\/uploads\/2022\/05\/14434988_1207982465925144_4595851254412643556_o-768x513.jpg 768w, https:\/\/aijavolka.lv\/wp-content\/uploads\/2022\/05\/14434988_1207982465925144_4595851254412643556_o-1536x1025.jpg 1536w, https:\/\/aijavolka.lv\/wp-content\/uploads\/2022\/05\/14434988_1207982465925144_4595851254412643556_o.jpg 2048w\" sizes=\"auto, (max-width: 539px) 100vw, 539px\" \/><\/p><\/blockquote>\n<p><strong>2015.gada 28. decembr\u012b<\/strong> ar ori\u0123in\u0101ldziesm\u0101m uzst\u0101\u0161an\u0101s labdarb\u012bbas pas\u0101kum\u0101 &#8221;Sirdstirdzi\u0146\u0161&#8221; R\u012bgas \u0100genskalna baptistu draudz\u0113 (Atsauce: <a href=\"https:\/\/www.lbds.lv\/uploads\/resources_files\/238\/bv-148-jan.pdf\">&#8221;Baptistu V\u0113stnesis&#8221;, janv\u0101ris 2016<\/a>)<\/p>\n<blockquote><p><strong>2015.gad\u0101<\/strong> tapa studijas ieraksts dziesmai &#8221;Neatlaid&#8221; (publik\u0101cija <a href=\"https:\/\/www.la.lv\/dziedataja-aija-volka-nodod-klausitaju-vertejumam-jaunu-dziesmu-par-milestibu\">la.lv<\/a>).<\/p><\/blockquote>\n<p><iframe loading=\"lazy\" src=\"https:\/\/w.soundcloud.com\/player\/?url=https%3A\/\/api.soundcloud.com\/tracks\/228322137&amp;color=%23ff5500&amp;auto_play=false&amp;hide_related=false&amp;show_comments=true&amp;show_user=true&amp;show_reposts=false&amp;show_teaser=true&amp;visual=true\" width=\"100%\" height=\"300\" frameborder=\"no\" scrolling=\"no\"><\/iframe><\/p>\n<div style=\"font-size: 10px; color: #cccccc; line-break: anywhere; word-break: normal; overflow: hidden; white-space: nowrap; text-overflow: ellipsis; font-family: Interstate,Lucida Grande,Lucida Sans Unicode,Lucida Sans,Garuda,Verdana,Tahoma,sans-serif; font-weight: 100;\"><a style=\"color: #cccccc; text-decoration: none;\" title=\"Aija Volka\" href=\"https:\/\/soundcloud.com\/aija-volka\" target=\"_blank\" rel=\"noopener\">Aija Volka<\/a> \u00b7 <a style=\"color: #cccccc; text-decoration: none;\" title=\"Neatlaid (Radio Version)\" href=\"https:\/\/soundcloud.com\/aija-volka\/neatlaid\" target=\"_blank\" rel=\"noopener\">Neatlaid (Radio Version)<\/a><\/div>\n<p><em>Piedaloties &#8221;TV Chaula&#8221; raid\u012bjum\u0101:<\/em><\/p>\n<p><iframe loading=\"lazy\" title=\"YouTube video player\" src=\"https:\/\/www.youtube.com\/embed\/ZZ44fYZRqmM\" width=\"560\" height=\"315\" frameborder=\"0\" allowfullscreen=\"allowfullscreen\"><\/iframe><\/p>\n<p><strong>2013.gada 21.j\u016blij\u0101<\/strong> priek\u0161nesums Olaines Sv. Elizabetes eva\u0146\u0123\u0113liski luterisk\u0101s bazn\u012bcas 260.jubilejas svin\u012bgaj\u0101 <a href=\"http:\/\/www.robertsfeldmanis.lv\/lv\/?ct=aktualitatesss\">sv\u0113tku dievkalpojum\u0101<\/a> kop\u0101 ar flautisti Ievu Supjevu<\/p>\n<blockquote><p><strong>2011. gad\u0101<\/strong>, p\u0101rst\u0101vot grupu \u201cFrekvence\u201d, dziesmas \u201cVarav\u012bksne\u201d demo ieraksts pan\u0101kumus guva Radio 101 konkurs\u0101 \u201cC\u0113su Premium New Music\u201d, iek\u013c\u016bstot fin\u0101l\u0101, radio rot\u0101cij\u0101 un ieg\u016bstot iesp\u0113ju uzst\u0101ties festiv\u0101los \u201cPositivus\u201d un \u201cFonoFest\u201d.<\/p><\/blockquote>\n<p><iframe loading=\"lazy\" title=\"YouTube video player\" src=\"https:\/\/www.youtube.com\/embed\/wnN7z-502IE\" width=\"560\" height=\"315\" frameborder=\"0\" allowfullscreen=\"allowfullscreen\"><\/iframe><\/p>\n<ul>\n<li>Ar L\u012bbu \u0112ci- Kalni\u0146u studij\u0101 iedzied\u0101j\u0101m manu ori\u0123in\u0101ldziesmu &#8221;Bez Tevis&#8221;, kurai esmu gan m\u016bzikas, gan v\u0101rdu autore (v\u0101rdi un akordi <a href=\"https:\/\/aijavolka.lv\/index.php\/2022\/06\/07\/dziesma-bez-tevis-jeb-ak-lielais-dievs-vardi-akordi\/\">\u0161eit<\/a>). Savulaik \u0161o dziesmu itin bie\u017ei dzied\u0101j\u0101m R\u012bgas \u0100genskalna baptistu draudz\u0113. Dziesma ir &#8220;Latvijas Krist\u012bg\u0101 radio&#8221; rot\u0101cij\u0101.<\/li>\n<\/ul>\n<p><iframe loading=\"lazy\" src=\"https:\/\/w.soundcloud.com\/player\/?url=https%3A\/\/api.soundcloud.com\/tracks\/242895552&amp;color=%23ff5500&amp;auto_play=false&amp;hide_related=false&amp;show_comments=true&amp;show_user=true&amp;show_reposts=false&amp;show_teaser=true&amp;visual=true\" width=\"100%\" height=\"300\" frameborder=\"no\" scrolling=\"no\"><\/iframe><\/p>\n<div style=\"font-size: 10px; color: #cccccc; line-break: anywhere; word-break: normal; overflow: hidden; white-space: nowrap; text-overflow: ellipsis; font-family: Interstate,Lucida Grande,Lucida Sans Unicode,Lucida Sans,Garuda,Verdana,Tahoma,sans-serif; font-weight: 100;\"><a style=\"color: #cccccc; text-decoration: none;\" title=\"Aija Volka\" href=\"https:\/\/soundcloud.com\/aija-volka\" target=\"_blank\" rel=\"noopener\">Aija Volka<\/a> \u00b7 <a style=\"color: #cccccc; text-decoration: none;\" title=\"Bez Tevis (L\u012bba \u0112ce- Kalni\u0146a &amp; Aija Volka)\" href=\"https:\/\/soundcloud.com\/aija-volka\/bez-tevis\" target=\"_blank\" rel=\"noopener\">Bez Tevis (L\u012bba \u0112ce- Kalni\u0146a &amp; Aija Volka)<\/a><\/div>\n<p>&nbsp;<\/p>\n<blockquote><p><strong>2006.gad\u0101, 20 gadu vecum\u0101,<\/strong> iestud\u0113ts autorkoncerts &#8211; muzik\u0101l\u0101 izr\u0101de &#8221;Iem\u0101ci man dz\u012bvot&#8221; VEF Kult\u016bras pil\u012b.<\/p><\/blockquote>\n<p><iframe loading=\"lazy\" title=\"YouTube video player\" src=\"https:\/\/www.youtube.com\/embed\/T7qPuU3B0XY\" width=\"560\" height=\"315\" frameborder=\"0\" allowfullscreen=\"allowfullscreen\"><\/iframe><\/p>\n<ul>\n<li><strong>18 gadu vecum\u0101<\/strong>, pateicoties vok\u0101l\u0101 ansamb\u013ca vad\u012bt\u0101jas In\u0101ras Rodes iniciat\u012bvai, Mazaj\u0101 \u0122ild\u0113 notika mans pirmais autorkoncerts, uzst\u0101joties ar pop\/rock grupu &#8221;Frekvence&#8221; un ansamb\u013ca &#8221;Pal\u0101s\u012btes&#8221; meiten\u0113m. Var teikt, ka grupu &#8221;Frekvence&#8221; dibin\u0101ju, gatavodam\u0101s tie\u0161i gaid\u0101majam koncertam.<\/li>\n<\/ul>\n<p><img loading=\"lazy\" decoding=\"async\" class=\"wp-image-323 aligncenter\" src=\"https:\/\/aijavolka.lv\/wp-content\/uploads\/2022\/08\/177202475_123098733141273_1380869712885253567_n-300x230.jpg\" alt=\"\" width=\"453\" height=\"348\" srcset=\"https:\/\/aijavolka.lv\/wp-content\/uploads\/2022\/08\/177202475_123098733141273_1380869712885253567_n-300x230.jpg 300w, https:\/\/aijavolka.lv\/wp-content\/uploads\/2022\/08\/177202475_123098733141273_1380869712885253567_n-768x588.jpg 768w, https:\/\/aijavolka.lv\/wp-content\/uploads\/2022\/08\/177202475_123098733141273_1380869712885253567_n.jpg 828w\" sizes=\"auto, (max-width: 453px) 100vw, 453px\" \/><\/p>\n<p><strong>16 gadu vecum\u0101<\/strong>, piedaloties vok\u0101listu konkurs\u0101 \u201cPutnu b\u0113rni\u201d estr\u0101des kategorij\u0101, ieguvu dal\u012bto pirmo vietu ar tobr\u012bd jau popul\u0101ro dzied\u0101t\u0101ju El\u012bnu F\u016brmani. \u0160is konkurss man emocion\u0101li bija \u013coti noz\u012bm\u012bgs. Viena no \u017e\u016brijas locekl\u0113m bija cien\u012bjam\u0101 vok\u0101l\u0101 pedago\u0123e Anita Garan\u010da. \u0160\u0137ita, ka ir s\u0101cies jauns dz\u012bves posms, kad esmu notic\u0113jusi sav\u0101m sp\u0113j\u0101m. S\u0101ku mekl\u0113t producentu sav\u0101m ori\u0123in\u0101ldziesm\u0101m, start\u0113t v\u0113l citos konkursos. S\u0101kotn\u0113ji iedom\u0101jos, ka var\u0113tu l\u012bdzin\u0101ties savai autorit\u0101tei &#8211; Linda Leen. Izm\u0113\u0123in\u0101ju ar\u012b dzied\u0101t trio ar v\u0113l div\u0101m meiten\u0113m (no s\u0113rijas &#8221;SugaBabes&#8221;), v\u0113l duetos ar draudzen\u0113m, gan ar\u012b dibin\u0101t dz\u012bv\u0101s m\u016bzikas poprock grupu (iedom\u0101joties sevi jau k\u0101 &#8221;Pink&#8221; vai &#8221;Garbage&#8221;).<\/p>\n<ul>\n<li>Vok\u0101l\u0101 ansamb\u013ca &#8221;Pal\u0101s\u012btes&#8221; izdot\u0101 album\u0101 <a href=\"https:\/\/ventspils.biblioteka.lv\/Alise\/lv\/book.aspx?id=124355&amp;ident=1179366&amp;c=1&amp;c=4&amp;c=3\">&#8221;Mums ir katram sava dziesma&#8221;<\/a> (izdots 2010.gad\u0101) ir iek\u013cauta mana dziesma &#8221;Piedz\u012bvojums&#8221;, ko sacer\u0113ju apm\u0113ram 8 gadu vecum\u0101.<img loading=\"lazy\" decoding=\"async\" class=\"wp-image-143 aligncenter\" src=\"https:\/\/aijavolka.lv\/wp-content\/uploads\/2022\/04\/b213a_large-300x300.jpg\" alt=\"\" width=\"236\" height=\"236\" srcset=\"https:\/\/aijavolka.lv\/wp-content\/uploads\/2022\/04\/b213a_large-300x300.jpg 300w, https:\/\/aijavolka.lv\/wp-content\/uploads\/2022\/04\/b213a_large-150x150.jpg 150w, https:\/\/aijavolka.lv\/wp-content\/uploads\/2022\/04\/b213a_large.jpg 488w\" sizes=\"auto, (max-width: 236px) 100vw, 236px\" \/><\/li>\n<\/ul>\n<ul>\n<li>Jau <strong>piecu gadu vecum\u0101, <\/strong>1991.gad\u0101, studij\u0101 ierakst\u012bju pirmo solo dziesmu komponista Atvara Sirm\u0101 telev\u012bzijas uzvedumam \u201cVisgai\u0161\u0101k\u0101\u201d. Lai gan nebija j\u0101dzied pie mikrofona, bet ar jau iedzied\u0101tu fonogrammu, tom\u0113r uzveduma film\u0113\u0161ana ar\u012b bija pietiekami noz\u012bm\u012bgs notikums,- kl\u0101tesot publikai.<\/li>\n<\/ul>\n<p><iframe loading=\"lazy\" style=\"border: none; overflow: hidden;\" src=\"https:\/\/www.facebook.com\/plugins\/video.php?height=314&amp;href=https%3A%2F%2Fwww.facebook.com%2Faija.volka%2Fvideos%2F10216760897947069%2F&amp;show_text=false&amp;width=560&amp;t=0\" width=\"560\" height=\"314\" frameborder=\"0\" scrolling=\"no\" allowfullscreen=\"allowfullscreen\"><\/iframe><\/p>\n<ul>\n<li>Esmu dzimusi 1986.gad\u0101. Kop\u0161<strong> 4 gadu vecuma<\/strong> l\u012bdz pat pilngad\u012bbai dzied\u0101ju vok\u0101laj\u0101 ansambl\u012b &#8221;Pal\u0101s\u012btes&#8221; (ko man pa\u0161ai vair\u0101k labpatik\u0101s d\u0113v\u0113t par popgrupu). Ar ansambli mums bija akt\u012bva koncertdz\u012bve. Regul\u0101ri piedal\u012bj\u0101mies telev\u012bzijas b\u0113rnu popm\u016bzikas festiv\u0101l\u0101 &#8221;Saules za\u0137is&#8221; u.c. Esam dzied\u0101ju\u0161i festiv\u0101l\u0101 Jap\u0101n\u0101. P\u0113d\u0113jos dal\u012bbas gados biju vec\u0101k\u0101s grupas skolot\u0101ja.<\/li>\n<\/ul>\n","protected":false},"excerpt":{"rendered":"<p>M\u016bzika un skatuve ir mans aicin\u0101jums kop\u0161 agras b\u0113rn\u012bbas &#8211; dziedu, sp\u0113l\u0113ju klavieres. Savas dziesmas rakstu kop\u0161 8 gadu vecuma. Dziesmas tapu\u0161as gan solo izpild\u012bjumam, gan duetam, korim, muzik\u0101lai izr\u0101dei. Saceru ar\u012b vienk\u0101r\u0161i melodijas vai instrument\u0101lus ska\u0146darbus.\u00a0Liel\u0101koties dziesmas rakstu ar saviem v\u0101rdiem, k\u0101 ar\u012b, izmantojot citu autoru dzejo\u013cus latvie\u0161u valod\u0101. Labpr\u0101t izpildu savas dziesmas kl\u0101tien\u0113, &hellip;<\/p>\n<p class=\"read-more\"> <a class=\"\" href=\"https:\/\/aijavolka.lv\/index.php\/muzika\/\"> <span class=\"screen-reader-text\">M\u016aZIKA<\/span> Read More &raquo;<\/a><\/p>\n","protected":false},"author":1,"featured_media":0,"parent":0,"menu_order":0,"comment_status":"closed","ping_status":"closed","template":"","meta":{"site-sidebar-layout":"default","site-content-layout":"default","ast-main-header-display":"","ast-hfb-above-header-display":"","ast-hfb-below-header-display":"","ast-hfb-mobile-header-display":"","site-post-title":"","ast-breadcrumbs-content":"","ast-featured-img":"","footer-sml-layout":"","theme-transparent-header-meta":"default","adv-header-id-meta":"","stick-header-meta":"","header-above-stick-meta":"","header-main-stick-meta":"","header-below-stick-meta":"","footnotes":""},"class_list":["post-43","page","type-page","status-publish","hentry"],"_links":{"self":[{"href":"https:\/\/aijavolka.lv\/index.php\/wp-json\/wp\/v2\/pages\/43","targetHints":{"allow":["GET"]}}],"collection":[{"href":"https:\/\/aijavolka.lv\/index.php\/wp-json\/wp\/v2\/pages"}],"about":[{"href":"https:\/\/aijavolka.lv\/index.php\/wp-json\/wp\/v2\/types\/page"}],"author":[{"embeddable":true,"href":"https:\/\/aijavolka.lv\/index.php\/wp-json\/wp\/v2\/users\/1"}],"replies":[{"embeddable":true,"href":"https:\/\/aijavolka.lv\/index.php\/wp-json\/wp\/v2\/comments?post=43"}],"version-history":[{"count":41,"href":"https:\/\/aijavolka.lv\/index.php\/wp-json\/wp\/v2\/pages\/43\/revisions"}],"predecessor-version":[{"id":658,"href":"https:\/\/aijavolka.lv\/index.php\/wp-json\/wp\/v2\/pages\/43\/revisions\/658"}],"wp:attachment":[{"href":"https:\/\/aijavolka.lv\/index.php\/wp-json\/wp\/v2\/media?parent=43"}],"curies":[{"name":"wp","href":"https:\/\/api.w.org\/{rel}","templated":true}]}}