{"id":268,"date":"2022-06-24T21:29:31","date_gmt":"2022-06-24T21:29:31","guid":{"rendered":"https:\/\/aijavolka.lv\/?page_id=268"},"modified":"2025-09-17T08:02:39","modified_gmt":"2025-09-17T08:02:39","slug":"domas","status":"publish","type":"page","link":"https:\/\/aijavolka.lv\/index.php\/domas\/","title":{"rendered":"DOMAS"},"content":{"rendered":"<p>Man rakstur\u012bgi ir iedzi\u013cin\u0101ties, analiz\u0113t. Man piem\u012bt ar\u012b ironija, k\u0101dreiz cinisms, m\u0113dzu run\u0101t \u0101rk\u0101rt\u012bgi tie\u0161i vai zemtekstos. Kop\u0161 agras b\u0113rn\u012bbas ar\u012b paticis rad\u012bt savas teorijas, klasifik\u0101cijas, z\u012bm\u0113t likumsakar\u012bbu sh\u0113mas u.tml. M\u0113dzu b\u016bt kategoriska, skarba, bet ar\u012b ieklaus\u012bties citos, un l\u012bdz ar to viedoklis form\u0113jas. Papla\u0161in\u0101s vai sa\u0161aurin\u0101s, vai apgrie\u017eas k\u0101j\u0101m gais\u0101. Da\u017e\u0101di notiek. Manupr\u0101t, galvenais ir nep\u0101rst\u0101t dom\u0101t.<\/p>\n<p>K\u0101dreiz gan m\u0113dz b\u016bt ar\u012b t\u0101, ka iest\u0101jas piln\u012bgs domu tuk\u0161ums. Bet p\u0113c tam var atmest kaut ko lieku un dot vietu kaut kam jaunam.<\/p>\n<p>Man pat\u012bk saj\u016bta, kad esi guvis atkl\u0101smi vai v\u012bziju.<\/p>\n<p>Kad lasu gr\u0101matas, parasti pasv\u012btroju vai, ja nav mana person\u012bg\u0101 gr\u0101mata, konspekt\u0113ju. Nelasu bie\u017ei. Bet, kad lasu, tad ilgi un daudz p\u0101rdom\u0101ju&#8230;<\/p>\n<p>&nbsp;<\/p>\n<h3>VIEDOKLIS:<\/h3>\n<p>&nbsp;<\/p>\n<blockquote class=\"wp-embedded-content\" data-secret=\"ND7lzzgVTY\"><p><a href=\"https:\/\/aijavolka.lv\/index.php\/2025\/09\/17\/asv-virsnieki-baltkrievija-padomi-civilas-aizsardzibas-nedelai\/\">ASV virsnieki Baltkrievij\u0101?! Padomi Civil\u0101s aizsardz\u012bbas ned\u0113\u013cai<\/a><\/p><\/blockquote>\n<p><iframe loading=\"lazy\" class=\"wp-embedded-content\" sandbox=\"allow-scripts\" security=\"restricted\" style=\"position: absolute; visibility: hidden;\" title=\"&#8220;ASV virsnieki Baltkrievij\u0101?! Padomi Civil\u0101s aizsardz\u012bbas ned\u0113\u013cai&#8221; &#8212; \" src=\"https:\/\/aijavolka.lv\/index.php\/2025\/09\/17\/asv-virsnieki-baltkrievija-padomi-civilas-aizsardzibas-nedelai\/embed\/#?secret=N6vlXF4iID#?secret=ND7lzzgVTY\" data-secret=\"ND7lzzgVTY\" width=\"500\" height=\"282\" frameborder=\"0\" marginwidth=\"0\" marginheight=\"0\" scrolling=\"no\"><\/iframe><\/p>\n<blockquote class=\"wp-embedded-content\" data-secret=\"IfbruKUz3s\"><p><a href=\"https:\/\/tuvuma.lv\/frazes-dievs-ir-miris-autors-nice-un-baisa-nicinasana\/\">Fr\u0101zes &#8220;Dievs ir miris&#8221; autors N\u012b\u010de un bais\u0101 nicin\u0101\u0161ana<\/a><\/p><\/blockquote>\n<p><iframe loading=\"lazy\" class=\"wp-embedded-content\" sandbox=\"allow-scripts\" security=\"restricted\" style=\"position: absolute; visibility: hidden;\" title=\"&#8220;Fr\u0101zes &#8220;Dievs ir miris&#8221; autors N\u012b\u010de un bais\u0101 nicin\u0101\u0161ana&#8221; &#8212; TUVUM\u0100.lv\" src=\"https:\/\/tuvuma.lv\/frazes-dievs-ir-miris-autors-nice-un-baisa-nicinasana\/embed\/#?secret=JdeiwG30bi#?secret=IfbruKUz3s\" data-secret=\"IfbruKUz3s\" width=\"500\" height=\"282\" frameborder=\"0\" marginwidth=\"0\" marginheight=\"0\" scrolling=\"no\"><\/iframe><\/p>\n<p><iframe loading=\"lazy\" style=\"border: none; overflow: hidden;\" src=\"https:\/\/www.facebook.com\/plugins\/post.php?href=https%3A%2F%2Fwww.facebook.com%2Faija.volka%2Fposts%2Fpfbid02Pgf97V6L48isnSTTpGE7J6hmo1mCdszbPHbfHHHr4vFcTcwKoGcbKKiN7kRiScFjl&amp;show_text=true&amp;width=500\" width=\"500\" height=\"616\" frameborder=\"0\" scrolling=\"no\" allowfullscreen=\"allowfullscreen\"><\/iframe><\/p>\n<p><iframe loading=\"lazy\" src=\"https:\/\/www.facebook.com\/plugins\/post.php?href=https%3A%2F%2Fwww.facebook.com%2Faija.volka%2Fposts%2Fpfbid0zX3eU4b6KjX99VV29rZ9xteUx3YvwHnNhyAZaRpCXjQu78RXmVm3g4BUVBfXoHuel&#038;show_text=true&#038;width=500\" width=\"500\" height=\"597\" style=\"border:none;overflow:hidden\" scrolling=\"no\" frameborder=\"0\" allowfullscreen=\"true\" allow=\"autoplay; clipboard-write; encrypted-media; picture-in-picture; web-share\"><\/iframe><\/p>\n<p>&nbsp;<\/p>\n<p>&nbsp;<\/p>\n<p>&nbsp;<\/p>\n<p>&nbsp;<\/p>\n<p><a href=\"https:\/\/aijavolka.lv\/index.php\/2022\/10\/19\/septinas-domas-par-koncertzali-latvija\/\">Septi\u0146as domas par koncertz\u0101li &#8221;Latvija&#8221;<\/a> (19.10.2022.)<\/p>\n<p><img loading=\"lazy\" decoding=\"async\" class=\"alignnone size-medium wp-image-347\" src=\"https:\/\/aijavolka.lv\/wp-content\/uploads\/2022\/10\/279237614_484754956938477_7813700509169810481_n-e1666182246118-284x300.jpg\" alt=\"\" width=\"284\" height=\"300\" srcset=\"https:\/\/aijavolka.lv\/wp-content\/uploads\/2022\/10\/279237614_484754956938477_7813700509169810481_n-e1666182246118-284x300.jpg 284w, https:\/\/aijavolka.lv\/wp-content\/uploads\/2022\/10\/279237614_484754956938477_7813700509169810481_n-e1666182246118-968x1024.jpg 968w, https:\/\/aijavolka.lv\/wp-content\/uploads\/2022\/10\/279237614_484754956938477_7813700509169810481_n-e1666182246118-768x812.jpg 768w, https:\/\/aijavolka.lv\/wp-content\/uploads\/2022\/10\/279237614_484754956938477_7813700509169810481_n-e1666182246118-1453x1536.jpg 1453w, https:\/\/aijavolka.lv\/wp-content\/uploads\/2022\/10\/279237614_484754956938477_7813700509169810481_n-e1666182246118.jpg 1515w\" sizes=\"auto, (max-width: 284px) 100vw, 284px\" \/><\/p>\n<p>Port\u0101l\u0101<strong> &#8221;spektrs.com&#8221;<\/strong>:<\/p>\n<p><a href=\"http:\/\/spektrs.com\/visas-zinas\/aija-volka-ukraina-un-pareizo-kars\/\">Ukraina un &#8220;pareizo&#8221; kar\u0161<\/a> (31.05.2014; p\u0101rpublic\u0113ts no bloga manapasaule.lv)<\/p>\n<p>Port\u0101l\u0101 <strong>&#8220;aprinkis.lv&#8221;<\/strong>:<\/p>\n<p>&#8221;\u012ast\u0101 tolerance \u2013 J\u0113zus stil\u0101&#8221;; 17.05.2014 (p\u0101rpublic\u0113jums no manapsaule.lv; saite vairs nav akt\u012bva; izlas\u0101ms atjaunin\u0101t\u0101 versij\u0101 <a href=\"https:\/\/tuvuma.lv\/ista-tolerance-jezus-stila-par-tolerances-jedziena-raditaja-dzona-loka-uzskatiem\/\">Tuvum\u0101.lv<\/a>).<\/p>\n<p>&#8220;&#8221;Playboy&#8221; m\u0101rketinga princips kristie\u0161iem jeb kauns un drosme&#8221; 12.10.2014. (p\u0101rpublic\u0113jums no manapasaule.lv; saite vairs nav akt\u012bva)<\/p>\n<p><a href=\"http:\/\/m.aprinkis.lv\/sabiedriba\/dzive-un-ticiba\/item\/20963-playboy-marketinga-princips-kristiesiem-jeb-kauns-un-drosme\" data-ved=\"2ahUKEwiz5f_8mcv6AhWPQfEDHeiwBv8QFnoECBcQAQ\">\u00a0<\/a><\/p>\n","protected":false},"excerpt":{"rendered":"<p>Man rakstur\u012bgi ir iedzi\u013cin\u0101ties, analiz\u0113t. Man piem\u012bt ar\u012b ironija, k\u0101dreiz cinisms, m\u0113dzu run\u0101t \u0101rk\u0101rt\u012bgi tie\u0161i vai zemtekstos. Kop\u0161 agras b\u0113rn\u012bbas ar\u012b paticis rad\u012bt savas teorijas, klasifik\u0101cijas, z\u012bm\u0113t likumsakar\u012bbu sh\u0113mas u.tml. M\u0113dzu b\u016bt kategoriska, skarba, bet ar\u012b ieklaus\u012bties citos, un l\u012bdz ar to viedoklis form\u0113jas. Papla\u0161in\u0101s vai sa\u0161aurin\u0101s, vai apgrie\u017eas k\u0101j\u0101m gais\u0101. Da\u017e\u0101di notiek. Manupr\u0101t, galvenais &hellip;<\/p>\n<p class=\"read-more\"> <a class=\"\" href=\"https:\/\/aijavolka.lv\/index.php\/domas\/\"> <span class=\"screen-reader-text\">DOMAS<\/span> Read More &raquo;<\/a><\/p>\n","protected":false},"author":1,"featured_media":0,"parent":0,"menu_order":0,"comment_status":"closed","ping_status":"closed","template":"","meta":{"site-sidebar-layout":"default","site-content-layout":"default","ast-main-header-display":"","ast-hfb-above-header-display":"","ast-hfb-below-header-display":"","ast-hfb-mobile-header-display":"","site-post-title":"","ast-breadcrumbs-content":"","ast-featured-img":"","footer-sml-layout":"","theme-transparent-header-meta":"default","adv-header-id-meta":"","stick-header-meta":"","header-above-stick-meta":"","header-main-stick-meta":"","header-below-stick-meta":"","footnotes":""},"class_list":["post-268","page","type-page","status-publish","hentry"],"_links":{"self":[{"href":"https:\/\/aijavolka.lv\/index.php\/wp-json\/wp\/v2\/pages\/268","targetHints":{"allow":["GET"]}}],"collection":[{"href":"https:\/\/aijavolka.lv\/index.php\/wp-json\/wp\/v2\/pages"}],"about":[{"href":"https:\/\/aijavolka.lv\/index.php\/wp-json\/wp\/v2\/types\/page"}],"author":[{"embeddable":true,"href":"https:\/\/aijavolka.lv\/index.php\/wp-json\/wp\/v2\/users\/1"}],"replies":[{"embeddable":true,"href":"https:\/\/aijavolka.lv\/index.php\/wp-json\/wp\/v2\/comments?post=268"}],"version-history":[{"count":15,"href":"https:\/\/aijavolka.lv\/index.php\/wp-json\/wp\/v2\/pages\/268\/revisions"}],"predecessor-version":[{"id":273,"href":"https:\/\/aijavolka.lv\/index.php\/wp-json\/wp\/v2\/pages\/268\/revisions\/273"}],"wp:attachment":[{"href":"https:\/\/aijavolka.lv\/index.php\/wp-json\/wp\/v2\/media?parent=268"}],"curies":[{"name":"wp","href":"https:\/\/api.w.org\/{rel}","templated":true}]}}