{"id":2,"date":"2022-03-15T13:29:22","date_gmt":"2022-03-15T13:29:22","guid":{"rendered":"https:\/\/aijavolka.lv\/?page_id=2"},"modified":"2025-01-09T10:13:47","modified_gmt":"2025-01-09T10:13:47","slug":"sample-page","status":"publish","type":"page","link":"https:\/\/aijavolka.lv\/index.php\/sample-page\/","title":{"rendered":"BIBLIOT\u0112KA"},"content":{"rendered":"<ul>\n<li>Kop\u0161 2024.gada 26.febru\u0101ra l\u012bdz 28. decembrim biju Ventspils bibliot\u0113kas Bibliogr\u0101fijas un inform\u0101cijas noda\u013cas vad\u012bt\u0101ja.<\/li>\n<li>2024. gad\u0101 Latvijas Universit\u0101t\u0113 ieguvu soci\u0101lo zin\u0101t\u0146u ma\u0123istra gr\u0101du bibliot\u0113ku, inform\u0101cijas un arh\u012bvu zin\u012bb\u0101s.<\/li>\n<\/ul>\n<div>\n<ul>\n<li>2023.gada 4.august\u0101 notika pirmatska\u0146ojums video \u012bsfilmai par G\u0101li\u0146ciema bibliot\u0113kas v\u0113sturi. Piedal\u012bjos materi\u0101lu v\u0101k\u0161an\u0101, scen\u0101rija un teksta veido\u0161an\u0101, gala rezult\u0101ta sl\u012bp\u0113\u0161an\u0101, un man tika dota iesp\u0113ja ar\u012b pa\u0161ai st\u0101stu izst\u0101st\u012bt kadr\u0101. <a href=\"https:\/\/aijavolka.lv\/index.php\/2023\/08\/26\/stastnieces-loma-video-sizeta-par-galinciema-bibliotekas-vesturi\/\">St\u0101stnieces lom\u0101 video si\u017eet\u0101 par G\u0101li\u0146ciema bibliot\u0113kas v\u0113sturi<\/a><\/li>\n<\/ul>\n<\/div>\n<ul>\n<li>2023.gada 17.mart\u0101 izveidots <a href=\"https:\/\/aijavolka.lv\/index.php\/2023\/03\/25\/videsizets-par-ventspils-bibliotekas-dibinataju-jani-sviestinu\/\">videosi\u017eets par Ventspils bibliot\u0113kas dibin\u0101t\u0101ju J\u0101ni Sviesti\u0146u (pieejams youtube.com)<\/a><\/li>\n<li>2022.gada novembr\u012b, par godu Latvie\u0161u preses 200 gadu jubilejai, kop\u0101 ar kol\u0113\u0123i Marutu Osi izveidoj\u0101m un vad\u012bj\u0101m nodarb\u012bbu vidusskol\u0113niem &#8221;Presei pa p\u0113d\u0101m&#8221;.<\/li>\n<li style=\"list-style-type: none;\"><iframe loading=\"lazy\" style=\"border: none; overflow: hidden;\" src=\"https:\/\/www.facebook.com\/plugins\/post.php?href=https%3A%2F%2Fwww.facebook.com%2Faija.volka%2Fposts%2Fpfbid031D2PnRHQewxnjEtr1h8FcVpEtUDYU2r3g78bjcyLLzSooANdVBKRRomyY2RihQU2l&amp;show_text=true&amp;width=500\" width=\"500\" height=\"908\" frameborder=\"0\" scrolling=\"no\" allowfullscreen=\"allowfullscreen\"><\/iframe><iframe loading=\"lazy\" style=\"border: none; overflow: hidden;\" src=\"https:\/\/www.facebook.com\/plugins\/post.php?href=https%3A%2F%2Fwww.facebook.com%2Faija.volka%2Fposts%2Fpfbid02W2hqqsune7ZappQ3uPVassmTeCCw45oJR9A5xhkSiaGzqSJhj7qABZKmfseBvobBl&amp;show_text=true&amp;width=500\" width=\"500\" height=\"758\" frameborder=\"0\" scrolling=\"no\" allowfullscreen=\"allowfullscreen\"><\/iframe>\n<ul>\n<li>2022.gada 9.decembr\u012b att\u0101lin\u0101ti piedal\u012bjos m\u0101c\u012bbu konferenc\u0113 &#8221;Bibliot\u0113ka m\u016bsu LIKEmet\u0101&#8221;, prezent\u0113jot <a href=\"http:\/\/Mana att\u0101lin\u0101t\u0101 dal\u012bba konferenc\u0113 \u201dBibliot\u0113ka m\u016bsu LIKEmet\u0101\u201d\">p\u0113t\u012bjumu &#8221;Bibliot\u0113kas e-katalogs m\u016bsu LIKEmet\u0101&#8221;<\/a>.<\/li>\n<li>2022. gada septembr\u012b s\u0101ku m\u0101c\u012bbas Latvijas Universit\u0101tes Soci\u0101lo zin\u0101t\u0146u fakult\u0101tes ma\u0123istra studiju programm\u0101 &#8220;Bibliot\u0113kzin\u0101tne un inform\u0101cija&#8221;.<\/li>\n<li>Kop\u0161 2022.gada maija esmu Latvijas bibliotek\u0101ru biedr\u012bbas Ventspils un Ventspils novada biedru koordinatore un p\u0101rst\u0101ve biedr\u012bbas Kurzemes noda\u013c\u0101.<\/li>\n<\/ul>\n<\/li>\n<\/ul>\n<ul>\n<li style=\"list-style-type: none;\">\n<ul>\n<li>2022.gada 25.apr\u012bl\u012b ieg\u016bts sertifik\u0101ts &#8221;Digit\u0101l\u0101 l\u012bdere&#8221; (apg\u016bstot programmu &#8221;Dari digit\u0101li&#8221; m\u0101c\u012bbu kursu digit\u0101lajiem l\u012bderiem).<\/li>\n<li>No 2019.gada j\u016bnija l\u012bdz 2022.gada febru\u0101rim biju Ventspils bibliot\u0113kas Automatiz\u0101cijas noda\u013cas vad\u012bt\u0101ja.<\/li>\n<\/ul>\n<\/li>\n<li style=\"list-style-type: none;\">\n<figure id=\"attachment_515\" aria-describedby=\"caption-attachment-515\" style=\"width: 493px\" class=\"wp-caption alignnone\"><img loading=\"lazy\" decoding=\"async\" class=\"wp-image-515\" src=\"https:\/\/aijavolka.lv\/wp-content\/uploads\/2023\/03\/330958844_535086305388880_3786330761707592720_n-1-300x244.jpg\" alt=\"\" width=\"493\" height=\"401\" srcset=\"https:\/\/aijavolka.lv\/wp-content\/uploads\/2023\/03\/330958844_535086305388880_3786330761707592720_n-1-300x244.jpg 300w, https:\/\/aijavolka.lv\/wp-content\/uploads\/2023\/03\/330958844_535086305388880_3786330761707592720_n-1-1024x833.jpg 1024w, https:\/\/aijavolka.lv\/wp-content\/uploads\/2023\/03\/330958844_535086305388880_3786330761707592720_n-1-768x624.jpg 768w, https:\/\/aijavolka.lv\/wp-content\/uploads\/2023\/03\/330958844_535086305388880_3786330761707592720_n-1-1536x1249.jpg 1536w, https:\/\/aijavolka.lv\/wp-content\/uploads\/2023\/03\/330958844_535086305388880_3786330761707592720_n-1.jpg 2048w\" sizes=\"auto, (max-width: 493px) 100vw, 493px\" \/><figcaption id=\"caption-attachment-515\" class=\"wp-caption-text\"><em>Ar kol\u0113\u0123\u0113m Ventspils Galvenaj\u0101 bibliot\u0113k\u0101 Valent\u012bndien\u0101. Foto: Zane Jope<\/em><\/figcaption><\/figure>\n<ul>\n<li>\u00a0Savu ce\u013cu bibliot\u0113ku jom\u0101 ies\u0101ku k\u0101 Ventspils bibliot\u0113kas M\u016bzikas un m\u0101kslas sektora vec\u0101k\u0101 bibliotek\u0101re. Laikposm\u0101 no 2018.gada maija l\u012bdz 2019.gada j\u016bnijam.<\/li>\n<\/ul>\n<\/li>\n<\/ul>\n<p><iframe loading=\"lazy\" title=\"YouTube video player\" src=\"https:\/\/www.youtube.com\/embed\/pQsT6rLGGSY\" width=\"560\" height=\"315\" frameborder=\"0\" allowfullscreen=\"allowfullscreen\"><\/iframe><\/p>\n<ul>\n<li style=\"list-style-type: none;\">\n<ul>\n<li style=\"list-style-type: none;\">\n<ul>\n<li>Esmu inici\u0113jusi un izveidojusi krist\u012bgas literat\u016bras kr\u0101jumu, kas pieder nodibin\u0101jumam &#8221;Krist\u012bga dz\u012bvesveida izp\u0113tes fonds&#8221; un kas pieejams fonda un medija Tuvum\u0101.lv akt\u012bvajiem komandas locek\u013ciem.<\/li>\n<\/ul>\n<\/li>\n<\/ul>\n<\/li>\n<\/ul>\n<div class=\"author-info\">\n<div class=\"row row--space-between row--flex row--vertical-center grid-gutter-20\">\n<div class=\"author-socials col-xs-12\">\n<ul class=\"list-unstyled list-horizontal list-space-xs\">\n<li><a href=\"https:\/\/lv.linkedin.com\/in\/aija-volka-02057634\" target=\"_blank\" rel=\"noopener\"><i class=\"mdicon mdicon-linkedin\"><\/i><span class=\"sr-only\">Linkedin<\/span><\/a><\/li>\n<\/ul>\n<blockquote><p>Kontakti: aija.volka@ventspils.lv<\/p><\/blockquote>\n<p>&nbsp;<\/p>\n<\/div>\n<\/div>\n<\/div>\n","protected":false},"excerpt":{"rendered":"<p>Kop\u0161 2024.gada 26.febru\u0101ra l\u012bdz 28. decembrim biju Ventspils bibliot\u0113kas Bibliogr\u0101fijas un inform\u0101cijas noda\u013cas vad\u012bt\u0101ja. 2024. gad\u0101 Latvijas Universit\u0101t\u0113 ieguvu soci\u0101lo zin\u0101t\u0146u ma\u0123istra gr\u0101du bibliot\u0113ku, inform\u0101cijas un arh\u012bvu zin\u012bb\u0101s. 2023.gada 4.august\u0101 notika pirmatska\u0146ojums video \u012bsfilmai par G\u0101li\u0146ciema bibliot\u0113kas v\u0113sturi. Piedal\u012bjos materi\u0101lu v\u0101k\u0161an\u0101, scen\u0101rija un teksta veido\u0161an\u0101, gala rezult\u0101ta sl\u012bp\u0113\u0161an\u0101, un man tika dota iesp\u0113ja ar\u012b pa\u0161ai &hellip;<\/p>\n<p class=\"read-more\"> <a class=\"\" href=\"https:\/\/aijavolka.lv\/index.php\/sample-page\/\"> <span class=\"screen-reader-text\">BIBLIOT\u0112KA<\/span> Read More &raquo;<\/a><\/p>\n","protected":false},"author":1,"featured_media":0,"parent":0,"menu_order":0,"comment_status":"closed","ping_status":"closed","template":"","meta":{"site-sidebar-layout":"default","site-content-layout":"default","ast-main-header-display":"","ast-hfb-above-header-display":"","ast-hfb-below-header-display":"","ast-hfb-mobile-header-display":"","site-post-title":"","ast-breadcrumbs-content":"","ast-featured-img":"","footer-sml-layout":"","theme-transparent-header-meta":"default","adv-header-id-meta":"","stick-header-meta":"","header-above-stick-meta":"","header-main-stick-meta":"","header-below-stick-meta":"","footnotes":""},"class_list":["post-2","page","type-page","status-publish","hentry"],"_links":{"self":[{"href":"https:\/\/aijavolka.lv\/index.php\/wp-json\/wp\/v2\/pages\/2","targetHints":{"allow":["GET"]}}],"collection":[{"href":"https:\/\/aijavolka.lv\/index.php\/wp-json\/wp\/v2\/pages"}],"about":[{"href":"https:\/\/aijavolka.lv\/index.php\/wp-json\/wp\/v2\/types\/page"}],"author":[{"embeddable":true,"href":"https:\/\/aijavolka.lv\/index.php\/wp-json\/wp\/v2\/users\/1"}],"replies":[{"embeddable":true,"href":"https:\/\/aijavolka.lv\/index.php\/wp-json\/wp\/v2\/comments?post=2"}],"version-history":[{"count":43,"href":"https:\/\/aijavolka.lv\/index.php\/wp-json\/wp\/v2\/pages\/2\/revisions"}],"predecessor-version":[{"id":570,"href":"https:\/\/aijavolka.lv\/index.php\/wp-json\/wp\/v2\/pages\/2\/revisions\/570"}],"wp:attachment":[{"href":"https:\/\/aijavolka.lv\/index.php\/wp-json\/wp\/v2\/media?parent=2"}],"curies":[{"name":"wp","href":"https:\/\/api.w.org\/{rel}","templated":true}]}}