{"id":168,"date":"2022-05-07T21:40:11","date_gmt":"2022-05-07T21:40:11","guid":{"rendered":"https:\/\/aijavolka.lv\/?page_id=168"},"modified":"2025-05-26T08:55:38","modified_gmt":"2025-05-26T08:55:38","slug":"publicitate","status":"publish","type":"page","link":"https:\/\/aijavolka.lv\/index.php\/publicitate\/","title":{"rendered":"PUBLICIT\u0100TE"},"content":{"rendered":"<p>2025.gad\u0101 priek\u0161v\u0113l\u0113\u0161anu kampa\u0146as laik\u0101 Ventspil\u012b tiek izplat\u012bta 2.saraksta av\u012bze &#8221;\u0160ODIEN!&#8221;, kur izlas\u0101ma intervija gan ar mani, gan manu v\u012bru Linardu Volku, gan citiem saraksta kandid\u0101tiem.<\/p>\n<p><img loading=\"lazy\" decoding=\"async\" class=\"alignnone size-medium wp-image-628\" src=\"https:\/\/aijavolka.lv\/wp-content\/uploads\/2025\/05\/6b3e1b79-ad8a-4d29-95a8-8add43b5b96a-225x300.jpeg\" alt=\"\" width=\"225\" height=\"300\" srcset=\"https:\/\/aijavolka.lv\/wp-content\/uploads\/2025\/05\/6b3e1b79-ad8a-4d29-95a8-8add43b5b96a-225x300.jpeg 225w, https:\/\/aijavolka.lv\/wp-content\/uploads\/2025\/05\/6b3e1b79-ad8a-4d29-95a8-8add43b5b96a-768x1024.jpeg 768w, https:\/\/aijavolka.lv\/wp-content\/uploads\/2025\/05\/6b3e1b79-ad8a-4d29-95a8-8add43b5b96a-1152x1536.jpeg 1152w, https:\/\/aijavolka.lv\/wp-content\/uploads\/2025\/05\/6b3e1b79-ad8a-4d29-95a8-8add43b5b96a.jpeg 1536w\" sizes=\"auto, (max-width: 225px) 100vw, 225px\" \/><\/p>\n<p>&nbsp;<\/p>\n<p><strong>2025.gada 17.apr\u012bl\u012b<\/strong> piedal\u012bjos pas\u0101kum\u0101 \u201cVecm\u0101mi\u0146as padoms &amp; mazb\u0113rna idejas\u201d P\u0101rventas bibliot\u0113k\u0101, un viena no aktivit\u0101t\u0113m atspogu\u013cota Ventspils Soci\u0101l\u0101 dienesta Facebook video.<\/p>\n<p>&nbsp;<\/p>\n<p><iframe loading=\"lazy\" style=\"border: none; overflow: hidden;\" src=\"https:\/\/www.facebook.com\/plugins\/post.php?href=https%3A%2F%2Fwww.facebook.com%2Faija.volka%2Fposts%2Fpfbid0t423v6q2JRmmVFSUab6vBP7kZxF77GhKNarY5suFsrvVyhrPePW4Ak2hqrJg6oFZl&amp;show_text=true&amp;width=500\" width=\"500\" height=\"978\" frameborder=\"0\" scrolling=\"no\" allowfullscreen=\"allowfullscreen\"><\/iframe><\/p>\n<p>&nbsp;<\/p>\n<p>&nbsp;<\/p>\n<p><strong>2023.gada 12.maij\u0101<\/strong> &#8221;Kurzemes TV&#8221; si\u017eets par m\u0101kslinieces Maldas Pornieces izst\u0101di, kuru vad\u012bju un kur izpild\u012bju p\u0101ris dziesmas<\/p>\n<p><iframe loading=\"lazy\" title=\"YouTube video player\" src=\"https:\/\/www.youtube.com\/embed\/A4DE47X3dXk\" width=\"560\" height=\"315\" frameborder=\"0\" allowfullscreen=\"allowfullscreen\"><\/iframe><\/p>\n<p><strong>2023. gada 24.mart\u0101<\/strong> si\u017eets &#8221;Kurzemes TV&#8221; raid\u012bjum\u0101 &#8221;Skats no Ventspils&#8221;<\/p>\n<p><iframe loading=\"lazy\" style=\"border: none; overflow: hidden;\" src=\"https:\/\/www.facebook.com\/plugins\/post.php?href=https%3A%2F%2Fwww.facebook.com%2Faija.volka%2Fposts%2Fpfbid02X7cJuNzsYJjeR1gAraGLLU5CeHvooMxmVjmN5B5HTvbg7xonERN83PsCEtjhHcK9l&amp;show_text=true&amp;width=500\" width=\"500\" height=\"477\" frameborder=\"0\" scrolling=\"no\" allowfullscreen=\"allowfullscreen\"><\/iframe><\/p>\n<p><strong>2023. gada 11.mart\u0101 port\u0101l\u0101 &#8221;Ventasbalss.lv&#8221; ievietota fotogalerija <a href=\"https:\/\/www.ventasbalss.lv\/foto\/2555-aijas-volkas-solokoncerts-aijas-balss\">&#8221;Aijas Volkas solokoncerts &#8221;Aijas balss&#8221;<\/a><\/strong> (Foto: Kristaps An\u0161kens)<\/p>\n<p><strong>2023.gada 10.mart\u0101 publik\u0101cija laikrakst\u0101 &#8221;Ventas balss&#8221;<\/strong> (1., 4.lpp.)<\/p>\n<p><img loading=\"lazy\" decoding=\"async\" class=\"alignnone size-medium wp-image-488\" src=\"https:\/\/aijavolka.lv\/wp-content\/uploads\/2023\/03\/bd88aef5-730a-430a-9869-9ecf8b58ef67-193x300.jpg\" alt=\"\" width=\"193\" height=\"300\" srcset=\"https:\/\/aijavolka.lv\/wp-content\/uploads\/2023\/03\/bd88aef5-730a-430a-9869-9ecf8b58ef67-193x300.jpg 193w, https:\/\/aijavolka.lv\/wp-content\/uploads\/2023\/03\/bd88aef5-730a-430a-9869-9ecf8b58ef67-658x1024.jpg 658w, https:\/\/aijavolka.lv\/wp-content\/uploads\/2023\/03\/bd88aef5-730a-430a-9869-9ecf8b58ef67-768x1195.jpg 768w, https:\/\/aijavolka.lv\/wp-content\/uploads\/2023\/03\/bd88aef5-730a-430a-9869-9ecf8b58ef67.jpg 828w\" sizes=\"auto, (max-width: 193px) 100vw, 193px\" \/><\/p>\n<figure style=\"width: 389px\" class=\"wp-caption alignnone\"><img loading=\"lazy\" decoding=\"async\" src=\"https:\/\/z-p3-scontent.frix8-1.fna.fbcdn.net\/v\/t39.30808-6\/335290468_5585776101527188_7453823507368068106_n.jpg?stp=cp6_dst-jpg&amp;_nc_cat=106&amp;ccb=1-7&amp;_nc_sid=8bfeb9&amp;_nc_ohc=vf_orDPbqWMAX8Pzk4i&amp;_nc_ht=z-p3-scontent.frix8-1.fna&amp;oh=00_AfAegOpXYyYVpQ9thjTz10SIjWqGvLub4eeNJAu9zziHdg&amp;oe=642301F0\" alt=\"May be an image of 1 person and flower\" width=\"389\" height=\"389\" \/><figcaption class=\"wp-caption-text\">Foto: Inga Aulmane<\/figcaption><\/figure>\n<div class=\"title\">\n<p><strong>2023.gada 6.mart\u0101<\/strong> Ventspils bibliot\u0113kas m\u0101jaslap\u0101 <em>biblioteka.ventspils.lv<\/em> public\u0113ta zi\u0146a &#8220;<a href=\"https:\/\/biblioteka.ventspils.lv\/11-marta-aijas-volkas-autordziesmu-koncerts\/\">11.mart\u0101 Aijas Volkas autordziesmu koncerts&#8221;<\/a><\/p>\n<figure style=\"width: 610px\" class=\"wp-caption alignnone\"><img loading=\"lazy\" decoding=\"async\" src=\"https:\/\/biblioteka.ventspils.lv\/wp-content\/uploads\/aija_volka-610x406.jpg\" alt=\"\" width=\"610\" height=\"406\" \/><figcaption class=\"wp-caption-text\">Foto: Sandis Griezis<\/figcaption><\/figure>\n<p><strong>2023.gada 6.mart\u0101<\/strong> vietn\u0113 <em>ventspils.lv <\/em>public\u0113ta zi\u0146a <a href=\"https:\/\/www.ventspils.lv\/aijas-volkas-autordziesmu-koncerts\/\">&#8220;Aijas Volkas autordziesmu koncerts&#8221;<\/a><\/p>\n<p><strong>2022.gada 13.decembr\u012b<\/strong> Latvijas universit\u0101tes Soci\u0101lo zin\u0101t\u0146u fakult\u0101tes m\u0101jaslap\u0101<a href=\"https:\/\/www.szf.lu.lv\/par-mums\/zinas\/zina\/t\/75500\/\"> szf.lu.lv<\/a>:<\/p>\n<ul>\n<li><em>&#8220;[..]viens no refer\u0101tiem tika prezent\u0113ts tie\u0161saist\u0113, izmantojot piesl\u0113gumu ar Microsoft aplik\u0101ciju \u201cTeams\u201d, referentei Aijai Volkai atrodoties Ventspil\u012b&#8221; <img loading=\"lazy\" decoding=\"async\" class=\" wp-image-390 aligncenter\" src=\"https:\/\/aijavolka.lv\/wp-content\/uploads\/2022\/12\/Ekranuznemums-2022-12-13-175717-300x208.jpg\" alt=\"\" width=\"375\" height=\"260\" srcset=\"https:\/\/aijavolka.lv\/wp-content\/uploads\/2022\/12\/Ekranuznemums-2022-12-13-175717-300x208.jpg 300w, https:\/\/aijavolka.lv\/wp-content\/uploads\/2022\/12\/Ekranuznemums-2022-12-13-175717-768x532.jpg 768w, https:\/\/aijavolka.lv\/wp-content\/uploads\/2022\/12\/Ekranuznemums-2022-12-13-175717.jpg 887w\" sizes=\"auto, (max-width: 375px) 100vw, 375px\" \/><\/em><\/li>\n<\/ul>\n<p><em><em style=\"font-size: 16px;\"><em style=\"font-size: 16px;\"><em style=\"font-size: 16px;\"><em style=\"font-size: 16px;\"><strong style=\"font-size: 16px;\">2022.gada 26.apr\u012bl\u012b <\/strong><span style=\"font-size: 16px;\">port\u0101l\u0101 &#8221;ventasbalss.lv&#8221;<\/span><\/em><\/em><\/em><\/em><\/em><\/p>\n<p><a href=\"https:\/\/www.ventasbalss.lv\/zinas\/kultura\/45761-turpinas-biblioteku-nedelas-pasakumi\">Turpin\u0101s Bibliot\u0113ku ned\u0113\u013cas pas\u0101kumi<\/a><\/p>\n<blockquote><p>&#8221;Ventspils bibliot\u0113kas p\u0101rst\u0101ve <strong>A. Volka<\/strong> piedal\u012bsies starptautisk\u0101s bibliot\u0113ku konsultantes Loidas Garsijas Febo meistarklas\u0113 &#8221;ASV bibliot\u0113ku intere\u0161u aizst\u0101v\u012bbas prakses paraugu izmanto\u0161anas iesp\u0113jas Latvijas bibliot\u0113k\u0101&#8221;.<\/p><\/blockquote>\n<p><strong style=\"font-size: 16px;\">2021.gada novembra\/decembra numur\u0101<\/strong><span style=\"font-size: 16px;\">, nr.6 (8) \u017eurn\u0101l\u0101 &#8221;Skola &amp; \u0122imene&#8221; piemin\u0113ta person\u012bg\u0101 pieredze par dzied\u0101\u0161anu b\u0113rnu popgrup\u0101 &#8221;Pal\u0101s\u012btes&#8221; no \u010detru gadu vecuma<\/span><\/p>\n<div class=\"btwxx1t3 j83agx80 hybvsw6c ll8tlv6m\">\n<div class=\"buofh1pr\">\n<div class=\"j83agx80 cbu4d94t ew0dbk1b irj2b8pg\">\n<p><em>Raksta autores <strong>Aijas Volkas<\/strong> pieredze<\/em><\/p>\n<p><img loading=\"lazy\" decoding=\"async\" class=\"size-medium wp-image-292 alignleft\" src=\"https:\/\/aijavolka.lv\/wp-content\/uploads\/2022\/07\/290916419_431733018963551_6432329732738617922_n-283x300.jpg\" alt=\"\" width=\"283\" height=\"300\" srcset=\"https:\/\/aijavolka.lv\/wp-content\/uploads\/2022\/07\/290916419_431733018963551_6432329732738617922_n-283x300.jpg 283w, https:\/\/aijavolka.lv\/wp-content\/uploads\/2022\/07\/290916419_431733018963551_6432329732738617922_n-966x1024.jpg 966w, https:\/\/aijavolka.lv\/wp-content\/uploads\/2022\/07\/290916419_431733018963551_6432329732738617922_n-768x814.jpg 768w, https:\/\/aijavolka.lv\/wp-content\/uploads\/2022\/07\/290916419_431733018963551_6432329732738617922_n-1449x1536.jpg 1449w, https:\/\/aijavolka.lv\/wp-content\/uploads\/2022\/07\/290916419_431733018963551_6432329732738617922_n.jpg 1932w\" sizes=\"auto, (max-width: 283px) 100vw, 283px\" \/><\/p>\n<p>&nbsp;<\/p>\n<p>&nbsp;<\/p>\n<p>&nbsp;<\/p>\n<p>&nbsp;<\/p>\n<p>&nbsp;<\/p>\n<p>&nbsp;<\/p>\n<p>&nbsp;<\/p>\n<p><strong>2021.gada janv\u0101ra\/febru\u0101ra numur\u0101<\/strong>, nr.1 (3) \u017eurn\u0101l\u0101 &#8221;Skola &amp; \u0122imene&#8221;\u00a0 Ilzes Kuzminas rakst\u0101 &#8221;Lai b\u0113rns nav \u0137\u012blnieks starp t\u0113ta un mammas taisn\u012bbu!&#8221; dalos sav\u0101 pieredz\u0113.<\/p>\n<div style=\"text-align: left;\">Tr\u012bs d\u0113lu (desmit, septi\u0146i gadi un devi\u0146i m\u0113ne\u0161i) m\u0101mi\u0146a <strong>Aija Volka<\/strong> &#8221;Noteikumus p\u0101rk\u0101pjam m\u0113s ar v\u012bru&#8221;<\/div>\n<div><\/div>\n<div style=\"text-align: left;\"><img loading=\"lazy\" decoding=\"async\" class=\"alignnone size-medium wp-image-288\" src=\"https:\/\/aijavolka.lv\/wp-content\/uploads\/2022\/07\/291076114_794337285262088_4732813094407298058_n-300x211.jpg\" alt=\"\" width=\"300\" height=\"211\" srcset=\"https:\/\/aijavolka.lv\/wp-content\/uploads\/2022\/07\/291076114_794337285262088_4732813094407298058_n-300x211.jpg 300w, https:\/\/aijavolka.lv\/wp-content\/uploads\/2022\/07\/291076114_794337285262088_4732813094407298058_n-1024x721.jpg 1024w, https:\/\/aijavolka.lv\/wp-content\/uploads\/2022\/07\/291076114_794337285262088_4732813094407298058_n-768x541.jpg 768w, https:\/\/aijavolka.lv\/wp-content\/uploads\/2022\/07\/291076114_794337285262088_4732813094407298058_n-1536x1082.jpg 1536w, https:\/\/aijavolka.lv\/wp-content\/uploads\/2022\/07\/291076114_794337285262088_4732813094407298058_n.jpg 2048w\" sizes=\"auto, (max-width: 300px) 100vw, 300px\" \/><\/div>\n<div><\/div>\n<p><span class=\"d2edcug0 hpfvmrgz qv66sw1b c1et5uql lr9zc1uh a8c37x1j fe6kdd0r mau55g9w c8b282yb keod5gw0 nxhoafnm aigsh9s9 d9wwppkn mdeji52x e9vueds3 j5wam9gi b1v8xokw m9osqain hzawbc8m\" dir=\"auto\"><span class=\"tojvnm2t a6sixzi8 abs2jz4q a8s20v7p t1p8iaqh k5wvi7nf q3lfd5jv pk4s997a bipmatt0 cebpdrjk qowsmv63 owwhemhu dp1hu0rb dhp61c6y iyyx5f41\"><span class=\"j1lvzwm4 stjgntxs ni8dbmo4 q9uorilb gpro0wi8\" aria-labelledby=\"jsc_c_u\"><b class=\"t5a262vz nc684nl6 ihxqhq3m l94mrbxd aenfhxwr l9j0dhe7 sdhka5h4\"><b class=\"nc684nl6 l94mrbxd l9j0dhe7 sdhka5h4\">2018. gada 18. septembris. <\/b><\/b><\/span><\/span><\/span><span style=\"font-size: 16px;\">Intervija LELB izdotaj\u0101 \u017eurn\u0101l\u0101 &#8221;Sv\u0113tdienas r\u012bts&#8221;<\/span><\/p>\n<p><img loading=\"lazy\" decoding=\"async\" class=\"alignnone wp-image-195\" src=\"https:\/\/aijavolka.lv\/wp-content\/uploads\/2022\/05\/41991764_10211672217413236_785256825007112192_n-300x223.jpg\" alt=\"\" width=\"480\" height=\"357\" srcset=\"https:\/\/aijavolka.lv\/wp-content\/uploads\/2022\/05\/41991764_10211672217413236_785256825007112192_n-300x223.jpg 300w, https:\/\/aijavolka.lv\/wp-content\/uploads\/2022\/05\/41991764_10211672217413236_785256825007112192_n-1024x762.jpg 1024w, https:\/\/aijavolka.lv\/wp-content\/uploads\/2022\/05\/41991764_10211672217413236_785256825007112192_n-768x572.jpg 768w, https:\/\/aijavolka.lv\/wp-content\/uploads\/2022\/05\/41991764_10211672217413236_785256825007112192_n-1536x1143.jpg 1536w, https:\/\/aijavolka.lv\/wp-content\/uploads\/2022\/05\/41991764_10211672217413236_785256825007112192_n.jpg 1548w\" sizes=\"auto, (max-width: 480px) 100vw, 480px\" \/><\/p>\n<\/div>\n<\/div>\n<div><\/div>\n<p><strong>2018.gada 17.septembr\u012b<\/strong> sniedzu interviju laikrakst\u0101 &#8221;Ventas Balss&#8221;<\/p>\n<div><\/div>\n<div><img loading=\"lazy\" decoding=\"async\" class=\"alignnone wp-image-197\" src=\"https:\/\/aijavolka.lv\/wp-content\/uploads\/2022\/05\/42117745_10211667825623444_9143175548510404608_n-169x300.jpg\" alt=\"\" width=\"232\" height=\"412\" srcset=\"https:\/\/aijavolka.lv\/wp-content\/uploads\/2022\/05\/42117745_10211667825623444_9143175548510404608_n-169x300.jpg 169w, https:\/\/aijavolka.lv\/wp-content\/uploads\/2022\/05\/42117745_10211667825623444_9143175548510404608_n-576x1024.jpg 576w, https:\/\/aijavolka.lv\/wp-content\/uploads\/2022\/05\/42117745_10211667825623444_9143175548510404608_n-768x1365.jpg 768w, https:\/\/aijavolka.lv\/wp-content\/uploads\/2022\/05\/42117745_10211667825623444_9143175548510404608_n-864x1536.jpg 864w, https:\/\/aijavolka.lv\/wp-content\/uploads\/2022\/05\/42117745_10211667825623444_9143175548510404608_n.jpg 1080w\" sizes=\"auto, (max-width: 232px) 100vw, 232px\" \/><\/div>\n<div class=\"buofh1pr\">\n<div class=\"j83agx80 cbu4d94t ew0dbk1b irj2b8pg\">\n<div><\/div>\n<\/div>\n<\/div>\n<\/div>\n<p><span class=\"comments-count\"><i class=\"fa fa-comment\"><\/i><strong>2018.gada 6.septembr\u012b<\/strong> laikrakst\u0101 &#8221;Ventas balss&#8221;\u00a0<\/span><\/p>\n<p><a href=\"https:\/\/www.ventasbalss.lv\/zinas\/kultura\/36920-septembris-dzejas-dienu-menesis\">Septembris \u2013 dzejas dienu m\u0113nesis<\/a><\/p>\n<p><strong>2018.gada maijs<\/strong>, Lutera t\u0113zes interpret\u0101cija LU gaiten\u012b<\/p>\n<p><img loading=\"lazy\" decoding=\"async\" class=\"alignnone wp-image-199\" src=\"https:\/\/aijavolka.lv\/wp-content\/uploads\/2022\/05\/32235274_10210943022823827_448986917527093248_n-225x300.jpg\" alt=\"\" width=\"309\" height=\"412\" srcset=\"https:\/\/aijavolka.lv\/wp-content\/uploads\/2022\/05\/32235274_10210943022823827_448986917527093248_n-225x300.jpg 225w, https:\/\/aijavolka.lv\/wp-content\/uploads\/2022\/05\/32235274_10210943022823827_448986917527093248_n.jpg 720w\" sizes=\"auto, (max-width: 309px) 100vw, 309px\" \/><\/p>\n<\/div>\n<div class=\"article-details\">\n<p class=\"article-cat\"><strong>2018.gada 8.apr\u012bl\u012b<\/strong> LTV1 raid\u012bjum\u0101 &#8221;Saknes debes\u012bs, LTV1&#8243;<\/p>\n<p><a href=\"https:\/\/ltv.lsm.lv\/lv\/raksts\/08.04.2018-aija-volka-es-nesu-lidzi-uz-skolu-mazo-bernu-bibeli.id127889\"><strong>Aija Volka<\/strong>: &#8220;Es nesu l\u012bdzi uz skolu mazo b\u0113rnu B\u012bbeli\u201d<\/a><\/p>\n<p><a href=\"https:\/\/tuvuma.lv\/jaunums-no-24-janvara-radio-marija-latvija-etera-raidijums-savienots\/\">Jaunums! No 24. janv\u0101ra radio \u201cMarija Latvija\u201d \u0113ter\u0101 raid\u012bjums \u201cSavienots\u201d<\/a>&#8221;Savienots&#8221;, Radio Marija Latvija, 2018.gada 24.janv\u0101ris<\/p>\n<blockquote><p>&#8221;Pirmaj\u0101 raid\u012bjum\u0101 dzird\u0113siet interviju ar \u201dTuvum\u0101.lv\u2019\u2019 galveno redaktori <a href=\"https:\/\/tuvuma.lv\/tuvuma-dibinataja-aija-volka-ar-zurnalistes-aicinajumu-kops-sakumskolas\/\"><strong>Aiju Volku<\/strong><\/a> par ekum\u0113nismu&#8221;<\/p><\/blockquote>\n<p><strong>2016.gad\u0101 &#8220;Latvijas Krist\u012bgaj\u0101 radio&#8221; un kato\u013cu radio &#8221;Marija&#8221;:\u00a0<\/strong><\/p>\n<p>&#8211; audio un video ierasti ar Aijas Volkas dal\u012bbu apkopoti medij\u0101 Tuvum\u0101.lv<\/p>\n<p><a href=\"https:\/\/tuvuma.lv\/par-mediju-tuvuma-intervijas-radio-marija-un-latvijas-kristigaja-radio\/\">Par mediju TUVUM\u0100 \u2014 intervij\u0101s radio \u201cMarija\u201d un \u201cLatvijas Krist\u012bgaj\u0101 radio\u201d (+ AUDIO un VIDEO)<\/a><\/p>\n<p><a href=\"http:\/\/periodika.lv\/periodika2-viewer\/?lang=fr#panel:pa|issue:80919|article:DIVL188|query:Aijas%20Lak%C5%A1evicas%20\">Daudz talantu un m\u016bzikas Ogr\u0113<\/a><\/p>\n<p><strong>2015. gada 13.oktobris.<\/strong> <a href=\"https:\/\/www.la.lv\/dziedataja-aija-volka-nodod-klausitaju-vertejumam-jaunu-dziesmu-par-milestibu\">&#8221;Dzied\u0101t\u0101ja Aija Volka nodod klaus\u012bt\u0101ju v\u0113rt\u0113jumam jaunu dziesmu par m\u012blest\u012bbu.&#8221;<\/a> La.lv<\/p>\n<figure style=\"width: 390px\" class=\"wp-caption alignnone\"><img loading=\"lazy\" decoding=\"async\" src=\"https:\/\/lastatic.ams3.cdn.digitaloceanspaces.com\/2015\/10\/Aija-Volka12.jpg\" alt=\" \" width=\"390\" height=\"260\" \/><figcaption class=\"wp-caption-text\">Foto: Dace Salmane<\/figcaption><\/figure>\n<p><strong>2000.gada 19.septembris.<\/strong> &#8221;Laiks&#8221; esmu piemin\u0113ta ar meitas uzv\u0101rdu Lak\u0161evica:<\/p>\n<blockquote><p>&#8221;<span class=\"TXT_1 PAR_BLOCK DIVP5\">\u0160aj\u0101 koncert\u0101 dzird\u0113j\u0101m ar\u012b jauno <\/span><span class=\"TXT_1 PAR_BLOCK DIVP5\">komponistu Santas Bu\u0161as, Anda <\/span><span class=\"TXT_1 PAR_BLOCK DIVP5\">Stalbova,<strong>\u00a0<\/strong><\/span><strong><span class=\"TXT_1 PAR_BLOCK DIVP5 hit\">Aijas\u00a0<\/span><\/strong><span class=\"TXT_1 PAR_BLOCK DIVP5 hit\"><strong>Lak\u0161evicas<\/strong>, <\/span><span class=\"TXT_1 PAR_BLOCK DIVP5\">Anitas <\/span><span class=\"TXT_1 PAR_BLOCK DIVP5\">Miezes, M\u0101r\u012btes Dombrovskas un <\/span><span class=\"TXT_1 PAR_BLOCK DIVP5\">\u0112rika E\u0161envalda ska\u0146darbus.&#8221;<\/span><\/p><\/blockquote>\n<\/div>\n","protected":false},"excerpt":{"rendered":"<p>2025.gad\u0101 priek\u0161v\u0113l\u0113\u0161anu kampa\u0146as laik\u0101 Ventspil\u012b tiek izplat\u012bta 2.saraksta av\u012bze &#8221;\u0160ODIEN!&#8221;, kur izlas\u0101ma intervija gan ar mani, gan manu v\u012bru Linardu Volku, gan citiem saraksta kandid\u0101tiem. &nbsp; 2025.gada 17.apr\u012bl\u012b piedal\u012bjos pas\u0101kum\u0101 \u201cVecm\u0101mi\u0146as padoms &amp; mazb\u0113rna idejas\u201d P\u0101rventas bibliot\u0113k\u0101, un viena no aktivit\u0101t\u0113m atspogu\u013cota Ventspils Soci\u0101l\u0101 dienesta Facebook video. &nbsp; &nbsp; &nbsp; 2023.gada 12.maij\u0101 &#8221;Kurzemes TV&#8221; si\u017eets &hellip;<\/p>\n<p class=\"read-more\"> <a class=\"\" href=\"https:\/\/aijavolka.lv\/index.php\/publicitate\/\"> <span class=\"screen-reader-text\">PUBLICIT\u0100TE<\/span> Read More &raquo;<\/a><\/p>\n","protected":false},"author":1,"featured_media":0,"parent":0,"menu_order":0,"comment_status":"closed","ping_status":"closed","template":"","meta":{"site-sidebar-layout":"default","site-content-layout":"default","ast-main-header-display":"","ast-hfb-above-header-display":"","ast-hfb-below-header-display":"","ast-hfb-mobile-header-display":"","site-post-title":"","ast-breadcrumbs-content":"","ast-featured-img":"","footer-sml-layout":"","theme-transparent-header-meta":"default","adv-header-id-meta":"","stick-header-meta":"","header-above-stick-meta":"","header-main-stick-meta":"","header-below-stick-meta":"","footnotes":""},"class_list":["post-168","page","type-page","status-publish","hentry"],"_links":{"self":[{"href":"https:\/\/aijavolka.lv\/index.php\/wp-json\/wp\/v2\/pages\/168","targetHints":{"allow":["GET"]}}],"collection":[{"href":"https:\/\/aijavolka.lv\/index.php\/wp-json\/wp\/v2\/pages"}],"about":[{"href":"https:\/\/aijavolka.lv\/index.php\/wp-json\/wp\/v2\/types\/page"}],"author":[{"embeddable":true,"href":"https:\/\/aijavolka.lv\/index.php\/wp-json\/wp\/v2\/users\/1"}],"replies":[{"embeddable":true,"href":"https:\/\/aijavolka.lv\/index.php\/wp-json\/wp\/v2\/comments?post=168"}],"version-history":[{"count":42,"href":"https:\/\/aijavolka.lv\/index.php\/wp-json\/wp\/v2\/pages\/168\/revisions"}],"predecessor-version":[{"id":629,"href":"https:\/\/aijavolka.lv\/index.php\/wp-json\/wp\/v2\/pages\/168\/revisions\/629"}],"wp:attachment":[{"href":"https:\/\/aijavolka.lv\/index.php\/wp-json\/wp\/v2\/media?parent=168"}],"curies":[{"name":"wp","href":"https:\/\/api.w.org\/{rel}","templated":true}]}}